{"id":113282,"date":"2023-08-14T21:04:55","date_gmt":"2023-08-14T19:04:55","guid":{"rendered":"https:\/\/www.luxor.cz\/blog\/produkt\/pokac-vlasy-cd\/"},"modified":"2023-08-14T21:04:56","modified_gmt":"2023-08-14T19:04:56","slug":"pokac-vlasy-cd","status":"publish","type":"product","link":"https:\/\/www.luxor.cz\/blog\/produkt\/pokac-vlasy-cd\/","title":{"rendered":"Pok\u00e1\u010d: Vlasy CD"},"content":{"rendered":"<p>Pok\u00e1\u010d, vlastn\u00edm jm\u00e9nem Jan Pokorn\u00fd, byl doned\u00e1vna zn\u00e1m\u00fd p\u0159edev\u0161\u00edm d\u00edky svoj\u00ed spolupr\u00e1ci s\u00a0p\u00edsni\u010dk\u00e1\u0159em Voxelem. V\u00a0posledn\u00ed dob\u011b se etabloval jako p\u00edsni\u010dk\u00e1\u0159, by\u0165 sebeironicky sv\u016fj styl charakterizuje jako \u201enepoveden\u00fd pokus o folk, p\u0159\u00edpadn\u011b nezda\u0159en\u00fd pokus o hudbu\u201c. Jeho dosavadn\u00ed tvorba potvrzuje, \u017ee jde jednozna\u010dn\u011b o nads\u00e1zku. Dosud vyd\u00e1val pouze demonahr\u00e1vky, nicm\u00e9n\u011b v\u0161echny si na\u0161ly sv\u00e9 p\u0159\u00edznivce. Pok\u00e1\u010d\u016fv albov\u00fd debut p\u0159in\u00e1\u0161\u00ed d\u016fv\u011brn\u011b zn\u00e1m\u00e9 skladby i absolutn\u00ed novinky &#8211; M\u00e1m doma ko\u010dku u\u017e p\u0159edstavil na koncertech a pl\u00e1nuje k n\u00ed nato\u010dit animovan\u00fd klip, skladbu Kdybych dneska nevstal si \u0161et\u0159il jako p\u0159ekvapen\u00ed a\u017e na album. To se nahr\u00e1valo u producenta a hudebn\u00edka Honzy Balc\u00e1rka (Johny Rainbow \/ Light and Love). Dostalo velmi prost\u00fd zvuk zalo\u017een\u00fd na akustick\u00e9 kyta\u0159e a zp\u011bvu, ob\u010das dopln\u011bn\u00fd vok\u00e1ly a perkusemi. V\u00fdjimku tvo\u0159\u00ed Vyml\u00e1cen\u00fd entry, kter\u00e9 zd\u00e1nliv\u011b do akustick\u00e9 desky nepat\u0159\u00ed, nicm\u00e9n\u011b se jedn\u00e1 o prvn\u00ed Pok\u00e1\u010d\u016fv singl, kter\u00fdm se zviditelnil. T\u0159i p\u00edsni\u010dky maj\u00ed na albu live podobu. Posledn\u00ed, bonusov\u00e1, je p\u00edse\u0148 , kterou napsal Pok\u00e1\u010d spole\u010dn\u011b s fanou\u0161ky. Na youtube zve\u0159ejnil zad\u00e1n\u00ed, kam podle jeho vzorov\u00fdch slok m\u011bli fanou\u0161ci ps\u00e1t svoje vlastn\u00ed. Dorazilo jich p\u0159ekvapiv\u011b 500, na album se nakonec dostalo 9 nejlep\u0161\u00edch.<\/p>\n","protected":false},"excerpt":{"rendered":"<p>Pok\u00e1\u010d, vlastn\u00edm jm\u00e9nem Jan Pokorn\u00fd, byl doned\u00e1vna zn\u00e1m\u00fd p\u0159edev\u0161\u00edm d\u00edky svoj\u00ed spolupr\u00e1ci s\u00a0p\u00edsni\u010dk\u00e1\u0159em Voxelem. V\u00a0posledn\u00ed dob\u011b se etabloval jako p\u00edsni\u010dk\u00e1\u0159, by\u0165 sebeironicky sv\u016fj styl charakterizuje jako \u201enepoveden\u00fd pokus o folk, [&hellip;]<\/p>\n","protected":false},"featured_media":0,"comment_status":"closed","ping_status":"open","template":"","meta":{"_acf_changed":false,"_monsterinsights_skip_tracking":false,"_monsterinsights_sitenote_active":false,"_monsterinsights_sitenote_note":"","_monsterinsights_sitenote_category":0,"_EventAllDay":false,"_EventTimezone":"","_EventStartDate":"","_EventEndDate":"","_EventStartDateUTC":"","_EventEndDateUTC":"","_EventShowMap":false,"_EventShowMapLink":false,"_EventURL":"","_EventCost":"","_EventCostDescription":"","_EventCurrencySymbol":"","_EventCurrencyCode":"","_EventCurrencyPosition":"","_EventDateTimeSeparator":"","_EventTimeRangeSeparator":"","_EventOrganizerID":[],"_EventVenueID":[],"_OrganizerEmail":"","_OrganizerPhone":"","_OrganizerWebsite":"","_VenueAddress":"","_VenueCity":"","_VenueCountry":"","_VenueProvince":"","_VenueState":"","_VenueZip":"","_VenuePhone":"","_VenueURL":"","_VenueStateProvince":"","_VenueLat":"","_VenueLng":"","_VenueShowMap":false,"_VenueShowMapLink":false,"twitterCardType":"","cardImageID":0,"cardImage":"","cardTitle":"","cardDesc":"","cardImageAlt":"","cardPlayer":"","cardPlayerWidth":0,"cardPlayerHeight":0,"cardPlayerStream":"","cardPlayerCodec":""},"product_cat":[],"product_tag":[],"class_list":["post-113282","product","type-product","status-publish","hentry"],"acf":{"description":"Pok\u00e1\u010d, vlastn\u00edm jm\u00e9nem Jan Pokorn\u00fd, byl doned\u00e1vna zn\u00e1m\u00fd p\u0159edev\u0161\u00edm d\u00edky svoj\u00ed spolupr\u00e1ci s\u00a0p\u00edsni\u010dk\u00e1\u0159em Voxelem. V\u00a0posledn\u00ed dob\u011b se etabloval jako p\u00edsni\u010dk\u00e1\u0159, by\u0165 sebeironicky sv\u016fj styl charakterizuje jako \u201enepoveden\u00fd pokus o folk, p\u0159\u00edpadn\u011b nezda\u0159en\u00fd pokus o hudbu\u201c. Jeho dosavadn\u00ed tvorba potvrzuje, \u017ee jde jednozna\u010dn\u011b o nads\u00e1zku. Dosud vyd\u00e1val pouze demonahr\u00e1vky, nicm\u00e9n\u011b v\u0161echny si na\u0161ly sv\u00e9 p\u0159\u00edznivce. Pok\u00e1\u010d\u016fv albov\u00fd debut p\u0159in\u00e1\u0161\u00ed d\u016fv\u011brn\u011b zn\u00e1m\u00e9 skladby i absolutn\u00ed novinky - M\u00e1m doma ko\u010dku u\u017e p\u0159edstavil na koncertech a pl\u00e1nuje k n\u00ed nato\u010dit animovan\u00fd klip, skladbu Kdybych dneska nevstal si \u0161et\u0159il jako p\u0159ekvapen\u00ed a\u017e na album. To se nahr\u00e1valo u producenta a hudebn\u00edka Honzy Balc\u00e1rka (Johny Rainbow \/ Light and Love). Dostalo velmi prost\u00fd zvuk zalo\u017een\u00fd na akustick\u00e9 kyta\u0159e a zp\u011bvu, ob\u010das dopln\u011bn\u00fd vok\u00e1ly a perkusemi. V\u00fdjimku tvo\u0159\u00ed Vyml\u00e1cen\u00fd entry, kter\u00e9 zd\u00e1nliv\u011b do akustick\u00e9 desky nepat\u0159\u00ed, nicm\u00e9n\u011b se jedn\u00e1 o prvn\u00ed Pok\u00e1\u010d\u016fv singl, kter\u00fdm se zviditelnil. T\u0159i p\u00edsni\u010dky maj\u00ed na albu live podobu. Posledn\u00ed, bonusov\u00e1, je p\u00edse\u0148 , kterou napsal Pok\u00e1\u010d spole\u010dn\u011b s fanou\u0161ky. Na youtube zve\u0159ejnil zad\u00e1n\u00ed, kam podle jeho vzorov\u00fdch slok m\u011bli fanou\u0161ci ps\u00e1t svoje vlastn\u00ed. Dorazilo jich p\u0159ekvapiv\u011b 500, na album se nakonec dostalo 9 nejlep\u0161\u00edch.","item_id":"LX1743642","productname":"Pok\u00e1\u010d: Vlasy CD","product":"Pok\u00e1\u010d: Vlasy CD","url":"https:\/\/www.luxor.cz\/v\/1743642\/pokac-vlasy-cd","imgurl":"https:\/\/img.luxor.cz\/orig\/produkty\/190295809652.jpg","price_vat":"269.00","margin":"","vat":"","paramname1":"","paramval1":"","paramname2":"","paramval2":"","paramname3":"","paramval3":"","paramname4":"","paramval4":"","paramname5":"","paramval5":"","paramname6":"","paramval6":"","paramname7":"","paramval7":"","paramname8":"","paramval8":"","paramname9":"","paramval9":"","paramname10":"","paramval10":"","ean":"190295809652","manufacturer":"Warner Music","categorytext":""},"_links":{"self":[{"href":"https:\/\/www.luxor.cz\/blog\/wp-json\/wp\/v2\/product\/113282","targetHints":{"allow":["GET"]}}],"collection":[{"href":"https:\/\/www.luxor.cz\/blog\/wp-json\/wp\/v2\/product"}],"about":[{"href":"https:\/\/www.luxor.cz\/blog\/wp-json\/wp\/v2\/types\/product"}],"replies":[{"embeddable":true,"href":"https:\/\/www.luxor.cz\/blog\/wp-json\/wp\/v2\/comments?post=113282"}],"wp:attachment":[{"href":"https:\/\/www.luxor.cz\/blog\/wp-json\/wp\/v2\/media?parent=113282"}],"wp:term":[{"taxonomy":"product_cat","embeddable":true,"href":"https:\/\/www.luxor.cz\/blog\/wp-json\/wp\/v2\/product_cat?post=113282"},{"taxonomy":"product_tag","embeddable":true,"href":"https:\/\/www.luxor.cz\/blog\/wp-json\/wp\/v2\/product_tag?post=113282"}],"curies":[{"name":"wp","href":"https:\/\/api.w.org\/{rel}","templated":true}]}}