{"id":111897,"date":"2023-08-14T20:53:38","date_gmt":"2023-08-14T18:53:38","guid":{"rendered":"https:\/\/www.luxor.cz\/blog\/produkt\/salvador-dali-persistence-pameti-hodiny-puzzle-1000-dilku\/"},"modified":"2023-08-14T20:53:39","modified_gmt":"2023-08-14T18:53:39","slug":"salvador-dali-persistence-pameti-hodiny-puzzle-1000-dilku","status":"publish","type":"product","link":"https:\/\/www.luxor.cz\/blog\/produkt\/salvador-dali-persistence-pameti-hodiny-puzzle-1000-dilku\/","title":{"rendered":"Salvador Dal\u00ed: Persistence pam\u011bti Hodiny &#8211; Puzzle\/1000 d\u00edlk\u016f"},"content":{"rendered":"<p>Produkt &#8222;Salvador Dal\u00ed: Persistence pam\u011bti Hodiny &#8211; Puzzle\/1000 d\u00edlk\u016f&#8220; spad\u00e1 do \u017e\u00e1nru Puzzle. Jedn\u00e1 se o po\u010din nakladatelstv\u00ed &#8222;Ricordi&#8220; z roku 2018.<\/p>\n","protected":false},"excerpt":{"rendered":"<p>Produkt &#8222;Salvador Dal\u00ed: Persistence pam\u011bti Hodiny &#8211; Puzzle\/1000 d\u00edlk\u016f&#8220; spad\u00e1 do \u017e\u00e1nru Puzzle. Jedn\u00e1 se o po\u010din nakladatelstv\u00ed &#8222;Ricordi&#8220; z roku 2018.<\/p>\n","protected":false},"featured_media":0,"comment_status":"closed","ping_status":"open","template":"","meta":{"_acf_changed":false,"_monsterinsights_skip_tracking":false,"_monsterinsights_sitenote_active":false,"_monsterinsights_sitenote_note":"","_monsterinsights_sitenote_category":0,"_EventAllDay":false,"_EventTimezone":"","_EventStartDate":"","_EventEndDate":"","_EventStartDateUTC":"","_EventEndDateUTC":"","_EventShowMap":false,"_EventShowMapLink":false,"_EventURL":"","_EventCost":"","_EventCostDescription":"","_EventCurrencySymbol":"","_EventCurrencyCode":"","_EventCurrencyPosition":"","_EventDateTimeSeparator":"","_EventTimeRangeSeparator":"","_EventOrganizerID":[],"_EventVenueID":[],"_OrganizerEmail":"","_OrganizerPhone":"","_OrganizerWebsite":"","_VenueAddress":"","_VenueCity":"","_VenueCountry":"","_VenueProvince":"","_VenueState":"","_VenueZip":"","_VenuePhone":"","_VenueURL":"","_VenueStateProvince":"","_VenueLat":"","_VenueLng":"","_VenueShowMap":false,"_VenueShowMapLink":false,"twitterCardType":"","cardImageID":0,"cardImage":"","cardTitle":"","cardDesc":"","cardImageAlt":"","cardPlayer":"","cardPlayerWidth":0,"cardPlayerHeight":0,"cardPlayerStream":"","cardPlayerCodec":""},"product_cat":[],"product_tag":[],"class_list":["post-111897","product","type-product","status-publish","hentry"],"acf":{"description":"Produkt \"Salvador Dal\u00ed: Persistence pam\u011bti Hodiny - Puzzle\/1000 d\u00edlk\u016f\" spad\u00e1 do \u017e\u00e1nru Puzzle. Jedn\u00e1 se o po\u010din nakladatelstv\u00ed \"Ricordi\" z roku 2018.","item_id":"LX1747610","productname":"Salvador Dal\u00ed: Persistence pam\u011bti Hodiny - Puzzle\/1000 d\u00edlk\u016f","product":"Salvador Dal\u00ed: Persistence pam\u011bti Hodiny - Puzzle\/1000 d\u00edlk\u016f","url":"https:\/\/www.luxor.cz\/v\/1747610\/salvador-dali-persistence-pameti-hodiny-puzzle-1000-dilku","imgurl":"https:\/\/img.luxor.cz\/orig\/produkty\/3800232050432.jpg","price_vat":"388.00","margin":"","vat":"","paramname1":"","paramval1":"","paramname2":"","paramval2":"","paramname3":"","paramval3":"","paramname4":"","paramval4":"","paramname5":"","paramval5":"","paramname6":"","paramval6":"","paramname7":"","paramval7":"","paramname8":"","paramval8":"","paramname9":"","paramval9":"","paramname10":"","paramval10":"","ean":"3800232050432","manufacturer":"Ricordi","categorytext":""},"_links":{"self":[{"href":"https:\/\/www.luxor.cz\/blog\/wp-json\/wp\/v2\/product\/111897","targetHints":{"allow":["GET"]}}],"collection":[{"href":"https:\/\/www.luxor.cz\/blog\/wp-json\/wp\/v2\/product"}],"about":[{"href":"https:\/\/www.luxor.cz\/blog\/wp-json\/wp\/v2\/types\/product"}],"replies":[{"embeddable":true,"href":"https:\/\/www.luxor.cz\/blog\/wp-json\/wp\/v2\/comments?post=111897"}],"wp:attachment":[{"href":"https:\/\/www.luxor.cz\/blog\/wp-json\/wp\/v2\/media?parent=111897"}],"wp:term":[{"taxonomy":"product_cat","embeddable":true,"href":"https:\/\/www.luxor.cz\/blog\/wp-json\/wp\/v2\/product_cat?post=111897"},{"taxonomy":"product_tag","embeddable":true,"href":"https:\/\/www.luxor.cz\/blog\/wp-json\/wp\/v2\/product_tag?post=111897"}],"curies":[{"name":"wp","href":"https:\/\/api.w.org\/{rel}","templated":true}]}}