{"id":110742,"date":"2023-08-14T20:43:59","date_gmt":"2023-08-14T18:43:59","guid":{"rendered":"https:\/\/www.luxor.cz\/blog\/produkt\/if-there-be-thorns-dollanganger-3\/"},"modified":"2023-08-14T20:44:01","modified_gmt":"2023-08-14T18:44:01","slug":"if-there-be-thorns-dollanganger-3","status":"publish","type":"product","link":"https:\/\/www.luxor.cz\/blog\/produkt\/if-there-be-thorns-dollanganger-3\/","title":{"rendered":"If There Be Thorns &#8211; Dollanganger 3"},"content":{"rendered":"<p>Kniha &#8222;If There Be Thorns &#8211; Dollanganger 3&#8220; spad\u00e1 do \u017e\u00e1nru Cizojazy\u010dn\u00e1 literatura. Autorem je Virginia Andrews.<br \/>\nP\u0159ejeme p\u0159\u00edjemn\u00e9 \u010dten\u00ed.<\/p>\n","protected":false},"excerpt":{"rendered":"<p>Kniha &#8222;If There Be Thorns &#8211; Dollanganger 3&#8220; spad\u00e1 do \u017e\u00e1nru Cizojazy\u010dn\u00e1 literatura. Autorem je Virginia Andrews. P\u0159ejeme p\u0159\u00edjemn\u00e9 \u010dten\u00ed.<\/p>\n","protected":false},"featured_media":0,"comment_status":"closed","ping_status":"open","template":"","meta":{"_acf_changed":false,"_monsterinsights_skip_tracking":false,"_monsterinsights_sitenote_active":false,"_monsterinsights_sitenote_note":"","_monsterinsights_sitenote_category":0,"_EventAllDay":false,"_EventTimezone":"","_EventStartDate":"","_EventEndDate":"","_EventStartDateUTC":"","_EventEndDateUTC":"","_EventShowMap":false,"_EventShowMapLink":false,"_EventURL":"","_EventCost":"","_EventCostDescription":"","_EventCurrencySymbol":"","_EventCurrencyCode":"","_EventCurrencyPosition":"","_EventDateTimeSeparator":"","_EventTimeRangeSeparator":"","_EventOrganizerID":[],"_EventVenueID":[],"_OrganizerEmail":"","_OrganizerPhone":"","_OrganizerWebsite":"","_VenueAddress":"","_VenueCity":"","_VenueCountry":"","_VenueProvince":"","_VenueState":"","_VenueZip":"","_VenuePhone":"","_VenueURL":"","_VenueStateProvince":"","_VenueLat":"","_VenueLng":"","_VenueShowMap":false,"_VenueShowMapLink":false,"twitterCardType":"","cardImageID":0,"cardImage":"","cardTitle":"","cardDesc":"","cardImageAlt":"","cardPlayer":"","cardPlayerWidth":0,"cardPlayerHeight":0,"cardPlayerStream":"","cardPlayerCodec":""},"product_cat":[],"product_tag":[],"class_list":["post-110742","product","type-product","status-publish","hentry"],"acf":{"description":"Kniha \"If There Be Thorns - Dollanganger 3\" spad\u00e1 do \u017e\u00e1nru Cizojazy\u010dn\u00e1 literatura. Autorem je Virginia Andrews.\nP\u0159ejeme p\u0159\u00edjemn\u00e9 \u010dten\u00ed.","item_id":"LX1735518","productname":"If There Be Thorns - Dollanganger 3","product":"If There Be Thorns - Dollanganger 3","url":"https:\/\/www.luxor.cz\/v\/1735518\/if-there-be-thorns-dollanganger-3","imgurl":"https:\/\/img.luxor.cz\/orig\/produkty\/9780671729455.jpg","price_vat":"81.00","margin":"","vat":"","paramname1":"","paramval1":"","paramname2":"","paramval2":"","paramname3":"","paramval3":"","paramname4":"","paramval4":"","paramname5":"","paramval5":"","paramname6":"","paramval6":"","paramname7":"","paramval7":"","paramname8":"","paramval8":"","paramname9":"","paramval9":"","paramname10":"","paramval10":"","ean":"9780671729455","manufacturer":"","categorytext":""},"_links":{"self":[{"href":"https:\/\/www.luxor.cz\/blog\/wp-json\/wp\/v2\/product\/110742","targetHints":{"allow":["GET"]}}],"collection":[{"href":"https:\/\/www.luxor.cz\/blog\/wp-json\/wp\/v2\/product"}],"about":[{"href":"https:\/\/www.luxor.cz\/blog\/wp-json\/wp\/v2\/types\/product"}],"replies":[{"embeddable":true,"href":"https:\/\/www.luxor.cz\/blog\/wp-json\/wp\/v2\/comments?post=110742"}],"wp:attachment":[{"href":"https:\/\/www.luxor.cz\/blog\/wp-json\/wp\/v2\/media?parent=110742"}],"wp:term":[{"taxonomy":"product_cat","embeddable":true,"href":"https:\/\/www.luxor.cz\/blog\/wp-json\/wp\/v2\/product_cat?post=110742"},{"taxonomy":"product_tag","embeddable":true,"href":"https:\/\/www.luxor.cz\/blog\/wp-json\/wp\/v2\/product_tag?post=110742"}],"curies":[{"name":"wp","href":"https:\/\/api.w.org\/{rel}","templated":true}]}}