{"id":110579,"date":"2023-08-14T20:42:40","date_gmt":"2023-08-14T18:42:40","guid":{"rendered":"https:\/\/www.luxor.cz\/blog\/produkt\/lecturas-eli-adolescentes-1-a1-rinconete-y-cortadillo-downloadable-multimedia\/"},"modified":"2023-08-14T20:42:40","modified_gmt":"2023-08-14T18:42:40","slug":"lecturas-eli-adolescentes-1-a1-rinconete-y-cortadillo-downloadable-multimedia","status":"publish","type":"product","link":"https:\/\/www.luxor.cz\/blog\/produkt\/lecturas-eli-adolescentes-1-a1-rinconete-y-cortadillo-downloadable-multimedia\/","title":{"rendered":"Lecturas ELI Adolescentes 1\/A1: Rinconete y Cortadillo + Downloadable Multimedia"},"content":{"rendered":"<p>Las Nuevas Lecturas est\u00e1n divididas en las Colecciones Lecturas ELI Infantiles y Juveniles, Lecturas ELI Adolescentes y Lecturas ELI J\u00f3venes y Adultos, seg\u00fan la edad de los lectores y el nivel ling\u00fc\u00edstico<\/p>\n<p>Se trata de textos narrativos de gran calidad literaria y con una fuerte identidad, ya sean cl\u00e1sicos de la literatura en verci\u00f3n \u00edntegra o adaptados a los distintos niveles de aprendizaje o textos de nuevos autores. La estructura del libro est\u00e1 dividida en varias secciones que acompanan al texto (el autor y su obra, profundizaci\u00f3n, actividades) y est\u00e1 finalizada al enriquecimiento de la lectura y a facilitar la comprensi\u00f3n y el aprendizaje ling\u00fc\u00edstico.<\/p>\n<p>Lecturas ELI Adolecentes<br \/>\nPara la Educaci\u00f3n Secundaria Obligatoria. Una rica serie de lecturas que siguen los grados de los programas escolares, permitiendo la ejercitaci\u00f3n de estructuras ling\u00fc\u00edsticas y \u00e1reas lexicales y ampli\u00e1ndolas de forma coherente para suministrar el mayor material posible. Este grupo de lecturas est\u00e1 dividido en tres niveles ling\u00fc\u00edsticos, partiendo de un nivel A1 hasta llegar a un nivel A2\/B1, con ejercicios con certifi caci\u00f3n ling\u00fc\u00edstica<\/p>\n<p>Rinconete y Cortadillo (o Novela de Rinconete y Cortadillo),obra de Miguel de Cervantes, es una de las doce narraciones breves incluidas en las Novelas ejemplares<br \/>\nEs un retrato picaresco de la actividad delictiva en la \u00e9poca de Cervantes, sin embargo, como bien lo argumenta Carlos Blanco Aguinaga en uno de sus ensayos cr\u00edticos, la de Cervantes no es propiamente una novela picaresca, pues trasciende los presupuestos que ese g\u00e9nero literario pose\u00eda, y proyecta a sus personajes hacia una profundidad muy caracter\u00edstica, distante por mucho de otras creaciones parecidas, como La vida del Busc\u00f3n o el Guzm\u00e1n de Alfarache.<br \/>\nCervantes hace referencia a ella en el cap\u00edtulo 47 de la primera parte de El Quijote, por lo que aunque las Novelas ejemplares se publicaron despu\u00e9s, esta obra ha de ser anterior a la primera parte de El Quijote.<\/p>\n","protected":false},"excerpt":{"rendered":"<p>Las Nuevas Lecturas est\u00e1n divididas en las Colecciones Lecturas ELI Infantiles y Juveniles, Lecturas ELI Adolescentes y Lecturas ELI J\u00f3venes y Adultos, seg\u00fan la edad de los lectores y el [&hellip;]<\/p>\n","protected":false},"featured_media":0,"comment_status":"closed","ping_status":"open","template":"","meta":{"_acf_changed":false,"_monsterinsights_skip_tracking":false,"_monsterinsights_sitenote_active":false,"_monsterinsights_sitenote_note":"","_monsterinsights_sitenote_category":0,"_EventAllDay":false,"_EventTimezone":"","_EventStartDate":"","_EventEndDate":"","_EventStartDateUTC":"","_EventEndDateUTC":"","_EventShowMap":false,"_EventShowMapLink":false,"_EventURL":"","_EventCost":"","_EventCostDescription":"","_EventCurrencySymbol":"","_EventCurrencyCode":"","_EventCurrencyPosition":"","_EventDateTimeSeparator":"","_EventTimeRangeSeparator":"","_EventOrganizerID":[],"_EventVenueID":[],"_OrganizerEmail":"","_OrganizerPhone":"","_OrganizerWebsite":"","_VenueAddress":"","_VenueCity":"","_VenueCountry":"","_VenueProvince":"","_VenueState":"","_VenueZip":"","_VenuePhone":"","_VenueURL":"","_VenueStateProvince":"","_VenueLat":"","_VenueLng":"","_VenueShowMap":false,"_VenueShowMapLink":false,"twitterCardType":"","cardImageID":0,"cardImage":"","cardTitle":"","cardDesc":"","cardImageAlt":"","cardPlayer":"","cardPlayerWidth":0,"cardPlayerHeight":0,"cardPlayerStream":"","cardPlayerCodec":""},"product_cat":[],"product_tag":[],"class_list":["post-110579","product","type-product","status-publish","hentry"],"acf":{"description":"Las Nuevas Lecturas est\u00e1n divididas en las Colecciones Lecturas ELI Infantiles y Juveniles, Lecturas ELI Adolescentes y Lecturas ELI J\u00f3venes y Adultos, seg\u00fan la edad de los lectores y el nivel ling\u00fc\u00edstico\n\nSe trata de textos narrativos de gran calidad literaria y con una fuerte identidad, ya sean cl\u00e1sicos de la literatura en verci\u00f3n \u00edntegra o adaptados a los distintos niveles de aprendizaje o textos de nuevos autores. La estructura del libro est\u00e1 dividida en varias secciones que acompanan al texto (el autor y su obra, profundizaci\u00f3n, actividades) y est\u00e1 finalizada al enriquecimiento de la lectura y a facilitar la comprensi\u00f3n y el aprendizaje ling\u00fc\u00edstico.\n\nLecturas ELI Adolecentes\nPara la Educaci\u00f3n Secundaria Obligatoria. Una rica serie de lecturas que siguen los grados de los programas escolares, permitiendo la ejercitaci\u00f3n de estructuras ling\u00fc\u00edsticas y \u00e1reas lexicales y ampli\u00e1ndolas de forma coherente para suministrar el mayor material posible. Este grupo de lecturas est\u00e1 dividido en tres niveles ling\u00fc\u00edsticos, partiendo de un nivel A1 hasta llegar a un nivel A2\/B1, con ejercicios con certifi caci\u00f3n ling\u00fc\u00edstica\n\nRinconete y Cortadillo (o Novela de Rinconete y Cortadillo),obra de Miguel de Cervantes, es una de las doce narraciones breves incluidas en las Novelas ejemplares\nEs un retrato picaresco de la actividad delictiva en la \u00e9poca de Cervantes, sin embargo, como bien lo argumenta Carlos Blanco Aguinaga en uno de sus ensayos cr\u00edticos, la de Cervantes no es propiamente una novela picaresca, pues trasciende los presupuestos que ese g\u00e9nero literario pose\u00eda, y proyecta a sus personajes hacia una profundidad muy caracter\u00edstica, distante por mucho de otras creaciones parecidas, como La vida del Busc\u00f3n o el Guzm\u00e1n de Alfarache.\nCervantes hace referencia a ella en el cap\u00edtulo 47 de la primera parte de El Quijote, por lo que aunque las Novelas ejemplares se publicaron despu\u00e9s, esta obra ha de ser anterior a la primera parte de El Quijote.","item_id":"LX1731761","productname":"Lecturas ELI Adolescentes 1\/A1: Rinconete y Cortadillo + Downloadable Multimedia","product":"Lecturas ELI Adolescentes 1\/A1: Rinconete y Cortadillo + Downloadable Multimedia","url":"https:\/\/www.luxor.cz\/v\/1731761\/lecturas-eli-adolescentes-1-a1-rinconete-y-cortadillo-downloadable-multimedia","imgurl":"https:\/\/img.luxor.cz\/orig\/produkty\/9788853615831.jpg","price_vat":"172.00","margin":"","vat":"","paramname1":"","paramval1":"","paramname2":"","paramval2":"","paramname3":"","paramval3":"","paramname4":"","paramval4":"","paramname5":"","paramval5":"","paramname6":"","paramval6":"","paramname7":"","paramval7":"","paramname8":"","paramval8":"","paramname9":"","paramval9":"","paramname10":"","paramval10":"","ean":"9788853615831","manufacturer":"Eli","categorytext":""},"_links":{"self":[{"href":"https:\/\/www.luxor.cz\/blog\/wp-json\/wp\/v2\/product\/110579","targetHints":{"allow":["GET"]}}],"collection":[{"href":"https:\/\/www.luxor.cz\/blog\/wp-json\/wp\/v2\/product"}],"about":[{"href":"https:\/\/www.luxor.cz\/blog\/wp-json\/wp\/v2\/types\/product"}],"replies":[{"embeddable":true,"href":"https:\/\/www.luxor.cz\/blog\/wp-json\/wp\/v2\/comments?post=110579"}],"wp:attachment":[{"href":"https:\/\/www.luxor.cz\/blog\/wp-json\/wp\/v2\/media?parent=110579"}],"wp:term":[{"taxonomy":"product_cat","embeddable":true,"href":"https:\/\/www.luxor.cz\/blog\/wp-json\/wp\/v2\/product_cat?post=110579"},{"taxonomy":"product_tag","embeddable":true,"href":"https:\/\/www.luxor.cz\/blog\/wp-json\/wp\/v2\/product_tag?post=110579"}],"curies":[{"name":"wp","href":"https:\/\/api.w.org\/{rel}","templated":true}]}}