{"id":108906,"date":"2023-08-14T17:29:12","date_gmt":"2023-08-14T15:29:12","guid":{"rendered":"https:\/\/www.luxor.cz\/blog\/produkt\/hladoveni-pro-zdravi\/"},"modified":"2023-08-14T17:29:13","modified_gmt":"2023-08-14T15:29:13","slug":"hladoveni-pro-zdravi","status":"publish","type":"product","link":"https:\/\/www.luxor.cz\/blog\/produkt\/hladoveni-pro-zdravi\/","title":{"rendered":"Hladov\u011bn\u00ed pro zdrav\u00ed"},"content":{"rendered":"<p>Hladov\u011bn\u00ed nen\u00ed prost\u0159edkem k zhubnut\u00ed. Je to n\u00e1stroj fyzick\u00e9 a duchovn\u00ed o\u010disty i cesta k l\u00e9\u010den\u00ed chronick\u00fdch a zhoubn\u00fdch nemoc\u00ed bez pou\u017eit\u00ed medikament\u016f. P\u0159i hladov\u011bn\u00ed organismus nedopl\u0148uje energetick\u00e9 v\u00fddaje zvenku a je nucen existovat na \u00fakor sv\u00fdch vnit\u0159n\u00edch z\u00e1sob. Nastane proces zv\u00fd\u0161en\u00e9 fyziologick\u00e9 regenerace, ozdrav\u011bn\u00ed a obnoven\u00ed bun\u011bk, stabilizace molekul\u00e1rn\u00ed a chemick\u00e9 soustavy organismu.<br \/>\nAutorka sama r\u016fzn\u00e9 metody hladov\u011bn\u00ed mnohokr\u00e1t vyzkou\u0161ela a dvacet let je pou\u017e\u00edv\u00e1. Jej\u00ed zku\u0161enosti sv\u011bd\u010d\u00ed o tom, \u017ee ke ka\u017ed\u00e9mu je nutno p\u0159istupovat individu\u00e1ln\u011b, a z\u00e1rove\u0148 potvrzuj\u00ed, \u017ee jde o velmi \u00fa\u010dinnou metodu, kterou v t\u00e9 \u010di on\u00e9 m\u00ed\u0159e m\u016f\u017ee vyu\u017e\u00edt ka\u017ed\u00fd, kdo chce n\u011bco ud\u011blat pro sv\u00e9 zdrav\u00ed.<\/p>\n","protected":false},"excerpt":{"rendered":"<p>Hladov\u011bn\u00ed nen\u00ed prost\u0159edkem k zhubnut\u00ed. Je to n\u00e1stroj fyzick\u00e9 a duchovn\u00ed o\u010disty i cesta k l\u00e9\u010den\u00ed chronick\u00fdch a zhoubn\u00fdch nemoc\u00ed bez pou\u017eit\u00ed medikament\u016f. P\u0159i hladov\u011bn\u00ed organismus nedopl\u0148uje energetick\u00e9 v\u00fddaje zvenku [&hellip;]<\/p>\n","protected":false},"featured_media":0,"comment_status":"closed","ping_status":"open","template":"","meta":{"_acf_changed":false,"_monsterinsights_skip_tracking":false,"_monsterinsights_sitenote_active":false,"_monsterinsights_sitenote_note":"","_monsterinsights_sitenote_category":0,"_EventAllDay":false,"_EventTimezone":"","_EventStartDate":"","_EventEndDate":"","_EventStartDateUTC":"","_EventEndDateUTC":"","_EventShowMap":false,"_EventShowMapLink":false,"_EventURL":"","_EventCost":"","_EventCostDescription":"","_EventCurrencySymbol":"","_EventCurrencyCode":"","_EventCurrencyPosition":"","_EventDateTimeSeparator":"","_EventTimeRangeSeparator":"","_EventOrganizerID":[],"_EventVenueID":[],"_OrganizerEmail":"","_OrganizerPhone":"","_OrganizerWebsite":"","_VenueAddress":"","_VenueCity":"","_VenueCountry":"","_VenueProvince":"","_VenueState":"","_VenueZip":"","_VenuePhone":"","_VenueURL":"","_VenueStateProvince":"","_VenueLat":"","_VenueLng":"","_VenueShowMap":false,"_VenueShowMapLink":false,"twitterCardType":"","cardImageID":0,"cardImage":"","cardTitle":"","cardDesc":"","cardImageAlt":"","cardPlayer":"","cardPlayerWidth":0,"cardPlayerHeight":0,"cardPlayerStream":"","cardPlayerCodec":""},"product_cat":[],"product_tag":[],"class_list":["post-108906","product","type-product","status-publish","hentry"],"acf":{"description":"Hladov\u011bn\u00ed nen\u00ed prost\u0159edkem k zhubnut\u00ed. Je to n\u00e1stroj fyzick\u00e9 a duchovn\u00ed o\u010disty i cesta k l\u00e9\u010den\u00ed chronick\u00fdch a zhoubn\u00fdch nemoc\u00ed bez pou\u017eit\u00ed medikament\u016f. P\u0159i hladov\u011bn\u00ed organismus nedopl\u0148uje energetick\u00e9 v\u00fddaje zvenku a je nucen existovat na \u00fakor sv\u00fdch vnit\u0159n\u00edch z\u00e1sob. Nastane proces zv\u00fd\u0161en\u00e9 fyziologick\u00e9 regenerace, ozdrav\u011bn\u00ed a obnoven\u00ed bun\u011bk, stabilizace molekul\u00e1rn\u00ed a chemick\u00e9 soustavy organismu.\nAutorka sama r\u016fzn\u00e9 metody hladov\u011bn\u00ed mnohokr\u00e1t vyzkou\u0161ela a dvacet let je pou\u017e\u00edv\u00e1. Jej\u00ed zku\u0161enosti sv\u011bd\u010d\u00ed o tom, \u017ee ke ka\u017ed\u00e9mu je nutno p\u0159istupovat individu\u00e1ln\u011b, a z\u00e1rove\u0148 potvrzuj\u00ed, \u017ee jde o velmi \u00fa\u010dinnou metodu, kterou v t\u00e9 \u010di on\u00e9 m\u00ed\u0159e m\u016f\u017ee vyu\u017e\u00edt ka\u017ed\u00fd, kdo chce n\u011bco ud\u011blat pro sv\u00e9 zdrav\u00ed.","item_id":"LX1729926","productname":"Hladov\u011bn\u00ed pro zdrav\u00ed","product":"Hladov\u011bn\u00ed pro zdrav\u00ed","url":"https:\/\/www.luxor.cz\/v\/1729926\/hladoveni-pro-zdravi","imgurl":"https:\/\/img.luxor.cz\/orig\/produkty\/9788090684928.jpg","price_vat":"223.00","margin":"","vat":"","paramname1":"","paramval1":"","paramname2":"","paramval2":"","paramname3":"","paramval3":"","paramname4":"","paramval4":"","paramname5":"","paramval5":"","paramname6":"","paramval6":"","paramname7":"","paramval7":"","paramname8":"","paramval8":"","paramname9":"","paramval9":"","paramname10":"","paramval10":"","ean":"9788090684928","manufacturer":"Impuls","categorytext":""},"_links":{"self":[{"href":"https:\/\/www.luxor.cz\/blog\/wp-json\/wp\/v2\/product\/108906","targetHints":{"allow":["GET"]}}],"collection":[{"href":"https:\/\/www.luxor.cz\/blog\/wp-json\/wp\/v2\/product"}],"about":[{"href":"https:\/\/www.luxor.cz\/blog\/wp-json\/wp\/v2\/types\/product"}],"replies":[{"embeddable":true,"href":"https:\/\/www.luxor.cz\/blog\/wp-json\/wp\/v2\/comments?post=108906"}],"wp:attachment":[{"href":"https:\/\/www.luxor.cz\/blog\/wp-json\/wp\/v2\/media?parent=108906"}],"wp:term":[{"taxonomy":"product_cat","embeddable":true,"href":"https:\/\/www.luxor.cz\/blog\/wp-json\/wp\/v2\/product_cat?post=108906"},{"taxonomy":"product_tag","embeddable":true,"href":"https:\/\/www.luxor.cz\/blog\/wp-json\/wp\/v2\/product_tag?post=108906"}],"curies":[{"name":"wp","href":"https:\/\/api.w.org\/{rel}","templated":true}]}}