{"id":108793,"date":"2023-08-14T17:27:53","date_gmt":"2023-08-14T15:27:53","guid":{"rendered":"https:\/\/www.luxor.cz\/blog\/produkt\/konec-prokrastinace\/"},"modified":"2023-08-14T17:27:54","modified_gmt":"2023-08-14T15:27:54","slug":"konec-prokrastinace","status":"publish","type":"product","link":"https:\/\/www.luxor.cz\/blog\/produkt\/konec-prokrastinace\/","title":{"rendered":"Konec prokrastinace"},"content":{"rendered":"<p>Zn\u00e1te ten pocit, kdy\u017e se v\u00e1m nechce za\u010d\u00edt d\u011blat na n\u011bjak\u00e9m \u00fakolu? St\u00e1v\u00e1 se v\u00e1m, \u017ee odkl\u00e1d\u00e1te i v\u011bci, kter\u00e9 opravdu d\u011blat chcete? Sna\u017e\u00edte si sami sob\u011b poru\u010dit, ale neposlechnete se? D\u011bl\u00e1te m\u00edsto d\u016fle\u017eit\u00fdch v\u011bc\u00ed, ve kter\u00fdch vid\u00edte smysl, n\u011bco nepodstatn\u00e9ho? C\u00edt\u00edte ob\u010das i vy, \u017ee jste se dostali do prokrastina\u010dn\u00edho za\u010darovan\u00e9ho kruhu? <\/p>\n<p>Petr Ludwig v p\u016fvodn\u00ed \u010desk\u00e9 publikaci, op\u00edraj\u00edc\u00ed se o posledn\u00ed v\u011bdeck\u00e9 v\u00fdzkumy sv\u011btov\u00fdch univerzit z oblasti lidsk\u00e9ho rozhodov\u00e1n\u00ed, motivace a produktivity, p\u0159in\u00e1\u0161\u00ed odpov\u011b\u010f na ot\u00e1zku, kterou si klade ka\u017ed\u00fd z n\u00e1s: jak z toho ven? Jak b\u00fdt produktivn\u011bj\u0161\u00ed bez v\u011bt\u0161\u00ed \u00fanavy? Jak za\u010d\u00edt vyu\u017e\u00edvat n\u00e1\u0161 \u010das efektivn\u011bji? Jak pro\u017e\u00edt ka\u017ed\u00fd den naplno? <\/p>\n<p>Poznatky a metody popsan\u00e9 v Konci prokrastinace ji\u017e n\u011bkolik\u00e1t\u00fdm rokem pom\u00e1haj\u00ed tis\u00edc\u016fm lid\u00ed, kte\u0159\u00ed se \u00fa\u010dastn\u00ed \u0161kolen\u00ed, p\u0159edn\u00e1\u0161ek \u010di osobn\u00edch konzultac\u00ed pod veden\u00edm Petra Ludwiga a jeho koleg\u016f z GrowJOB institutu. Mezi jejich klienty pat\u0159\u00ed pracovn\u00edci firem jako je Poji\u0161\u0165ovna Allianz, OMV, Webnode, H1, Vykupto.cz \u010di instituc\u00ed jako je \u010cesk\u00fd rozhlas, Akademie v\u011bd \u010cR \u010di mnoh\u00e9 \u010desk\u00e9 univerzity. D\u00edky n\u011bkolika let\u016fm zdokonalov\u00e1n\u00ed know-how a sb\u00edr\u00e1n\u00ed zp\u011btn\u00e9 vazby vznikly antiprokrastina\u010dn\u00ed n\u00e1stroje pou\u017eiteln\u00e9 k\u00fdmkoliv, a to t\u00e9m\u011b\u0159 v jak\u00e9koli f\u00e1zi \u017eivota. <\/p>\n<p>\u0158\u00edman Seneca ve sv\u00e9m slavn\u00e9m cit\u00e1tu \u0159ekl: \u201eZat\u00edmco ztr\u00e1c\u00edme sv\u016fj \u010das v\u00e1h\u00e1n\u00edm a odkl\u00e1d\u00e1n\u00edm, \u017eivot ut\u00edk\u00e1.\u201d Tato kniha v\u00e1m pom\u016f\u017ee s v\u00e1h\u00e1n\u00edm a odkl\u00e1d\u00e1n\u00edm dlouhodob\u011b bojovat a zlep\u0161\u00ed va\u0161i schopnost vyu\u017e\u00edvat v\u00e1\u0161 \u010das smyslupln\u011bji. Petr Ludwig &#8211; Show Jana Krause  <\/p>\n<p>Titul je k dispozici i v angli\u010dtin\u011b \u2013 The end of procrastination.<\/p>\n","protected":false},"excerpt":{"rendered":"<p>Zn\u00e1te ten pocit, kdy\u017e se v\u00e1m nechce za\u010d\u00edt d\u011blat na n\u011bjak\u00e9m \u00fakolu? St\u00e1v\u00e1 se v\u00e1m, \u017ee odkl\u00e1d\u00e1te i v\u011bci, kter\u00e9 opravdu d\u011blat chcete? Sna\u017e\u00edte si sami sob\u011b poru\u010dit, ale neposlechnete [&hellip;]<\/p>\n","protected":false},"featured_media":0,"comment_status":"closed","ping_status":"open","template":"","meta":{"_acf_changed":false,"_monsterinsights_skip_tracking":false,"_monsterinsights_sitenote_active":false,"_monsterinsights_sitenote_note":"","_monsterinsights_sitenote_category":0,"_EventAllDay":false,"_EventTimezone":"","_EventStartDate":"","_EventEndDate":"","_EventStartDateUTC":"","_EventEndDateUTC":"","_EventShowMap":false,"_EventShowMapLink":false,"_EventURL":"","_EventCost":"","_EventCostDescription":"","_EventCurrencySymbol":"","_EventCurrencyCode":"","_EventCurrencyPosition":"","_EventDateTimeSeparator":"","_EventTimeRangeSeparator":"","_EventOrganizerID":[],"_EventVenueID":[],"_OrganizerEmail":"","_OrganizerPhone":"","_OrganizerWebsite":"","_VenueAddress":"","_VenueCity":"","_VenueCountry":"","_VenueProvince":"","_VenueState":"","_VenueZip":"","_VenuePhone":"","_VenueURL":"","_VenueStateProvince":"","_VenueLat":"","_VenueLng":"","_VenueShowMap":false,"_VenueShowMapLink":false,"twitterCardType":"","cardImageID":0,"cardImage":"","cardTitle":"","cardDesc":"","cardImageAlt":"","cardPlayer":"","cardPlayerWidth":0,"cardPlayerHeight":0,"cardPlayerStream":"","cardPlayerCodec":""},"product_cat":[],"product_tag":[],"class_list":["post-108793","product","type-product","status-publish","hentry"],"acf":{"description":"Zn\u00e1te ten pocit, kdy\u017e se v\u00e1m nechce za\u010d\u00edt d\u011blat na n\u011bjak\u00e9m \u00fakolu? St\u00e1v\u00e1 se v\u00e1m, \u017ee odkl\u00e1d\u00e1te i v\u011bci, kter\u00e9 opravdu d\u011blat chcete? Sna\u017e\u00edte si sami sob\u011b poru\u010dit, ale neposlechnete se? D\u011bl\u00e1te m\u00edsto d\u016fle\u017eit\u00fdch v\u011bc\u00ed, ve kter\u00fdch vid\u00edte smysl, n\u011bco nepodstatn\u00e9ho? C\u00edt\u00edte ob\u010das i vy, \u017ee jste se dostali do prokrastina\u010dn\u00edho za\u010darovan\u00e9ho kruhu? \n\nPetr Ludwig v p\u016fvodn\u00ed \u010desk\u00e9 publikaci, op\u00edraj\u00edc\u00ed se o posledn\u00ed v\u011bdeck\u00e9 v\u00fdzkumy sv\u011btov\u00fdch univerzit z oblasti lidsk\u00e9ho rozhodov\u00e1n\u00ed, motivace a produktivity, p\u0159in\u00e1\u0161\u00ed odpov\u011b\u010f na ot\u00e1zku, kterou si klade ka\u017ed\u00fd z n\u00e1s: jak z toho ven? Jak b\u00fdt produktivn\u011bj\u0161\u00ed bez v\u011bt\u0161\u00ed \u00fanavy? Jak za\u010d\u00edt vyu\u017e\u00edvat n\u00e1\u0161 \u010das efektivn\u011bji? Jak pro\u017e\u00edt ka\u017ed\u00fd den naplno? \n\nPoznatky a metody popsan\u00e9 v Konci prokrastinace ji\u017e n\u011bkolik\u00e1t\u00fdm rokem pom\u00e1haj\u00ed tis\u00edc\u016fm lid\u00ed, kte\u0159\u00ed se \u00fa\u010dastn\u00ed \u0161kolen\u00ed, p\u0159edn\u00e1\u0161ek \u010di osobn\u00edch konzultac\u00ed pod veden\u00edm Petra Ludwiga a jeho koleg\u016f z GrowJOB institutu. Mezi jejich klienty pat\u0159\u00ed pracovn\u00edci firem jako je Poji\u0161\u0165ovna Allianz, OMV, Webnode, H1, Vykupto.cz \u010di instituc\u00ed jako je \u010cesk\u00fd rozhlas, Akademie v\u011bd \u010cR \u010di mnoh\u00e9 \u010desk\u00e9 univerzity. D\u00edky n\u011bkolika let\u016fm zdokonalov\u00e1n\u00ed know-how a sb\u00edr\u00e1n\u00ed zp\u011btn\u00e9 vazby vznikly antiprokrastina\u010dn\u00ed n\u00e1stroje pou\u017eiteln\u00e9 k\u00fdmkoliv, a to t\u00e9m\u011b\u0159 v jak\u00e9koli f\u00e1zi \u017eivota. \n\n\u0158\u00edman Seneca ve sv\u00e9m slavn\u00e9m cit\u00e1tu \u0159ekl: \u201eZat\u00edmco ztr\u00e1c\u00edme sv\u016fj \u010das v\u00e1h\u00e1n\u00edm a odkl\u00e1d\u00e1n\u00edm, \u017eivot ut\u00edk\u00e1.\u201d Tato kniha v\u00e1m pom\u016f\u017ee s v\u00e1h\u00e1n\u00edm a odkl\u00e1d\u00e1n\u00edm dlouhodob\u011b bojovat a zlep\u0161\u00ed va\u0161i schopnost vyu\u017e\u00edvat v\u00e1\u0161 \u010das smyslupln\u011bji. Petr Ludwig - Show Jana Krause  \n\nTitul je k dispozici i v angli\u010dtin\u011b \u2013 The end of procrastination.","item_id":"LX1731112","productname":"Konec prokrastinace","product":"Konec prokrastinace","url":"https:\/\/www.luxor.cz\/v\/1731112\/konec-prokrastinace","imgurl":"https:\/\/img.luxor.cz\/orig\/produkty\/9788087270516.jpg","price_vat":"269.00","margin":"","vat":"","paramname1":"","paramval1":"","paramname2":"","paramval2":"","paramname3":"","paramval3":"","paramname4":"","paramval4":"","paramname5":"","paramval5":"","paramname6":"","paramval6":"","paramname7":"","paramval7":"","paramname8":"","paramval8":"","paramname9":"","paramval9":"","paramname10":"","paramval10":"","ean":"9788087270516","manufacturer":"Jan Melvil Publishing","categorytext":""},"_links":{"self":[{"href":"https:\/\/www.luxor.cz\/blog\/wp-json\/wp\/v2\/product\/108793","targetHints":{"allow":["GET"]}}],"collection":[{"href":"https:\/\/www.luxor.cz\/blog\/wp-json\/wp\/v2\/product"}],"about":[{"href":"https:\/\/www.luxor.cz\/blog\/wp-json\/wp\/v2\/types\/product"}],"replies":[{"embeddable":true,"href":"https:\/\/www.luxor.cz\/blog\/wp-json\/wp\/v2\/comments?post=108793"}],"wp:attachment":[{"href":"https:\/\/www.luxor.cz\/blog\/wp-json\/wp\/v2\/media?parent=108793"}],"wp:term":[{"taxonomy":"product_cat","embeddable":true,"href":"https:\/\/www.luxor.cz\/blog\/wp-json\/wp\/v2\/product_cat?post=108793"},{"taxonomy":"product_tag","embeddable":true,"href":"https:\/\/www.luxor.cz\/blog\/wp-json\/wp\/v2\/product_tag?post=108793"}],"curies":[{"name":"wp","href":"https:\/\/api.w.org\/{rel}","templated":true}]}}