{"id":107643,"date":"2023-08-14T17:15:01","date_gmt":"2023-08-14T15:15:01","guid":{"rendered":"https:\/\/www.luxor.cz\/blog\/produkt\/corporate-finance\/"},"modified":"2023-08-14T17:15:02","modified_gmt":"2023-08-14T15:15:02","slug":"corporate-finance","status":"publish","type":"product","link":"https:\/\/www.luxor.cz\/blog\/produkt\/corporate-finance\/","title":{"rendered":"Corporate Finance"},"content":{"rendered":"<p>Monografie rozv\u00edj\u00ed problematiku podnikov\u00fdch financ\u00ed od z\u00e1kladn\u00edch teoretick\u00fdch v\u00fdchodisek po systematick\u00fd a hodnotov\u011b zam\u011b\u0159en\u00fd r\u00e1mec, vhodn\u00fd pro \u0159e\u0161en\u00ed r\u016fzn\u00fdch probl\u00e9m\u016f podnikov\u00e9 praxe. Autor p\u0159itom vych\u00e1z\u00ed z d\u016fkladn\u00e9ho v\u00fdzkumu a rozs\u00e1hl\u00e9 odborn\u00e9 i akademick\u00e9 praxe. <\/p>\n<p>Kniha je mimo\u0159\u00e1dn\u00e1 v tom, \u017ee nab\u00edz\u00ed univerz\u00e1ln\u00ed pohled bez n\u00e1rodn\u00ed lokalizace, p\u0159i\u010dem\u017e uv\u00e1d\u00ed a porovn\u00e1v\u00e1 podstatn\u00e9 rozd\u00edly v terminologii, zvyklostech a institucion\u00e1ln\u00edm r\u00e1mci.  Je tak vhodn\u00e1 zejm\u00e9na pro odborn\u00edky p\u016fsob\u00edc\u00ed v mezin\u00e1rodn\u00edm prost\u0159ed\u00ed, stejn\u011b jako pro vysoko\u0161kolskou v\u00fduku v mezin\u00e1rodn\u00edch studijn\u00edch programech.<\/p>\n","protected":false},"excerpt":{"rendered":"<p>Monografie rozv\u00edj\u00ed problematiku podnikov\u00fdch financ\u00ed od z\u00e1kladn\u00edch teoretick\u00fdch v\u00fdchodisek po systematick\u00fd a hodnotov\u011b zam\u011b\u0159en\u00fd r\u00e1mec, vhodn\u00fd pro \u0159e\u0161en\u00ed r\u016fzn\u00fdch probl\u00e9m\u016f podnikov\u00e9 praxe. Autor p\u0159itom vych\u00e1z\u00ed z d\u016fkladn\u00e9ho v\u00fdzkumu a rozs\u00e1hl\u00e9 [&hellip;]<\/p>\n","protected":false},"featured_media":0,"comment_status":"closed","ping_status":"open","template":"","meta":{"_acf_changed":false,"_monsterinsights_skip_tracking":false,"_monsterinsights_sitenote_active":false,"_monsterinsights_sitenote_note":"","_monsterinsights_sitenote_category":0,"_EventAllDay":false,"_EventTimezone":"","_EventStartDate":"","_EventEndDate":"","_EventStartDateUTC":"","_EventEndDateUTC":"","_EventShowMap":false,"_EventShowMapLink":false,"_EventURL":"","_EventCost":"","_EventCostDescription":"","_EventCurrencySymbol":"","_EventCurrencyCode":"","_EventCurrencyPosition":"","_EventDateTimeSeparator":"","_EventTimeRangeSeparator":"","_EventOrganizerID":[],"_EventVenueID":[],"_OrganizerEmail":"","_OrganizerPhone":"","_OrganizerWebsite":"","_VenueAddress":"","_VenueCity":"","_VenueCountry":"","_VenueProvince":"","_VenueState":"","_VenueZip":"","_VenuePhone":"","_VenueURL":"","_VenueStateProvince":"","_VenueLat":"","_VenueLng":"","_VenueShowMap":false,"_VenueShowMapLink":false,"twitterCardType":"","cardImageID":0,"cardImage":"","cardTitle":"","cardDesc":"","cardImageAlt":"","cardPlayer":"","cardPlayerWidth":0,"cardPlayerHeight":0,"cardPlayerStream":"","cardPlayerCodec":""},"product_cat":[],"product_tag":[],"class_list":["post-107643","product","type-product","status-publish","hentry"],"acf":{"description":"Monografie rozv\u00edj\u00ed problematiku podnikov\u00fdch financ\u00ed od z\u00e1kladn\u00edch teoretick\u00fdch v\u00fdchodisek po systematick\u00fd a hodnotov\u011b zam\u011b\u0159en\u00fd r\u00e1mec, vhodn\u00fd pro \u0159e\u0161en\u00ed r\u016fzn\u00fdch probl\u00e9m\u016f podnikov\u00e9 praxe. Autor p\u0159itom vych\u00e1z\u00ed z d\u016fkladn\u00e9ho v\u00fdzkumu a rozs\u00e1hl\u00e9 odborn\u00e9 i akademick\u00e9 praxe. \n\nKniha je mimo\u0159\u00e1dn\u00e1 v tom, \u017ee nab\u00edz\u00ed univerz\u00e1ln\u00ed pohled bez n\u00e1rodn\u00ed lokalizace, p\u0159i\u010dem\u017e uv\u00e1d\u00ed a porovn\u00e1v\u00e1 podstatn\u00e9 rozd\u00edly v terminologii, zvyklostech a institucion\u00e1ln\u00edm r\u00e1mci.  Je tak vhodn\u00e1 zejm\u00e9na pro odborn\u00edky p\u016fsob\u00edc\u00ed v mezin\u00e1rodn\u00edm prost\u0159ed\u00ed, stejn\u011b jako pro vysoko\u0161kolskou v\u00fduku v mezin\u00e1rodn\u00edch studijn\u00edch programech.","item_id":"LX1721687","productname":"Corporate Finance","product":"Corporate Finance","url":"https:\/\/www.luxor.cz\/v\/1721687\/corporate-finance","imgurl":"https:\/\/img.luxor.cz\/orig\/produkty\/9788075022912.jpg","price_vat":"236.00","margin":"","vat":"","paramname1":"","paramval1":"","paramname2":"","paramval2":"","paramname3":"","paramval3":"","paramname4":"","paramval4":"","paramname5":"","paramval5":"","paramname6":"","paramval6":"","paramname7":"","paramval7":"","paramname8":"","paramval8":"","paramname9":"","paramval9":"","paramname10":"","paramval10":"","ean":"9788075022912","manufacturer":"Leges","categorytext":""},"_links":{"self":[{"href":"https:\/\/www.luxor.cz\/blog\/wp-json\/wp\/v2\/product\/107643","targetHints":{"allow":["GET"]}}],"collection":[{"href":"https:\/\/www.luxor.cz\/blog\/wp-json\/wp\/v2\/product"}],"about":[{"href":"https:\/\/www.luxor.cz\/blog\/wp-json\/wp\/v2\/types\/product"}],"replies":[{"embeddable":true,"href":"https:\/\/www.luxor.cz\/blog\/wp-json\/wp\/v2\/comments?post=107643"}],"wp:attachment":[{"href":"https:\/\/www.luxor.cz\/blog\/wp-json\/wp\/v2\/media?parent=107643"}],"wp:term":[{"taxonomy":"product_cat","embeddable":true,"href":"https:\/\/www.luxor.cz\/blog\/wp-json\/wp\/v2\/product_cat?post=107643"},{"taxonomy":"product_tag","embeddable":true,"href":"https:\/\/www.luxor.cz\/blog\/wp-json\/wp\/v2\/product_tag?post=107643"}],"curies":[{"name":"wp","href":"https:\/\/api.w.org\/{rel}","templated":true}]}}