{"id":107242,"date":"2023-08-14T17:10:23","date_gmt":"2023-08-14T15:10:23","guid":{"rendered":"https:\/\/www.luxor.cz\/blog\/produkt\/poklady-klasicke-ceske-kuchyne-aneb-jak-to-ta-babicka-tenkrat-varila\/"},"modified":"2023-08-14T17:10:24","modified_gmt":"2023-08-14T15:10:24","slug":"poklady-klasicke-ceske-kuchyne-aneb-jak-to-ta-babicka-tenkrat-varila","status":"publish","type":"product","link":"https:\/\/www.luxor.cz\/blog\/produkt\/poklady-klasicke-ceske-kuchyne-aneb-jak-to-ta-babicka-tenkrat-varila\/","title":{"rendered":"Poklady klasick\u00e9 \u010desk\u00e9 kuchyn\u011b aneb Jak to ta babi\u010dka tenkr\u00e1t va\u0159ila"},"content":{"rendered":"<p>Roman Van\u011bk, autor mnoha kucha\u0159sk\u00fdch bestseller\u016f, op\u011bt vyd\u00e1v\u00e1 Poklady klasick\u00e9 \u010desk\u00e9 kuchyn\u011b. Tato legend\u00e1rn\u00ed kniha recept\u016f na\u0161\u00ed dom\u00e1c\u00ed kuchyn\u011b se v roce 2011 stala prvn\u00ed kucha\u0159kou respektovan\u00e9 sb\u011bratelsk\u00e9 kolekce &#8222;b\u00edl\u00e9 \u0159ady Va\u0148kov\u00fdch kucha\u0159ek\u201d.<\/p>\n","protected":false},"excerpt":{"rendered":"<p>Roman Van\u011bk, autor mnoha kucha\u0159sk\u00fdch bestseller\u016f, op\u011bt vyd\u00e1v\u00e1 Poklady klasick\u00e9 \u010desk\u00e9 kuchyn\u011b. Tato legend\u00e1rn\u00ed kniha recept\u016f na\u0161\u00ed dom\u00e1c\u00ed kuchyn\u011b se v roce 2011 stala prvn\u00ed kucha\u0159kou respektovan\u00e9 sb\u011bratelsk\u00e9 kolekce &#8222;b\u00edl\u00e9 [&hellip;]<\/p>\n","protected":false},"featured_media":0,"comment_status":"closed","ping_status":"open","template":"","meta":{"_acf_changed":false,"_monsterinsights_skip_tracking":false,"_monsterinsights_sitenote_active":false,"_monsterinsights_sitenote_note":"","_monsterinsights_sitenote_category":0,"_EventAllDay":false,"_EventTimezone":"","_EventStartDate":"","_EventEndDate":"","_EventStartDateUTC":"","_EventEndDateUTC":"","_EventShowMap":false,"_EventShowMapLink":false,"_EventURL":"","_EventCost":"","_EventCostDescription":"","_EventCurrencySymbol":"","_EventCurrencyCode":"","_EventCurrencyPosition":"","_EventDateTimeSeparator":"","_EventTimeRangeSeparator":"","_EventOrganizerID":[],"_EventVenueID":[],"_OrganizerEmail":"","_OrganizerPhone":"","_OrganizerWebsite":"","_VenueAddress":"","_VenueCity":"","_VenueCountry":"","_VenueProvince":"","_VenueState":"","_VenueZip":"","_VenuePhone":"","_VenueURL":"","_VenueStateProvince":"","_VenueLat":"","_VenueLng":"","_VenueShowMap":false,"_VenueShowMapLink":false,"twitterCardType":"","cardImageID":0,"cardImage":"","cardTitle":"","cardDesc":"","cardImageAlt":"","cardPlayer":"","cardPlayerWidth":0,"cardPlayerHeight":0,"cardPlayerStream":"","cardPlayerCodec":""},"product_cat":[],"product_tag":[],"class_list":["post-107242","product","type-product","status-publish","hentry"],"acf":{"description":"Roman Van\u011bk, autor mnoha kucha\u0159sk\u00fdch bestseller\u016f, op\u011bt vyd\u00e1v\u00e1 Poklady klasick\u00e9 \u010desk\u00e9 kuchyn\u011b. Tato legend\u00e1rn\u00ed kniha recept\u016f na\u0161\u00ed dom\u00e1c\u00ed kuchyn\u011b se v roce 2011 stala prvn\u00ed kucha\u0159kou respektovan\u00e9 sb\u011bratelsk\u00e9 kolekce \"b\u00edl\u00e9 \u0159ady Va\u0148kov\u00fdch kucha\u0159ek\u201d.","item_id":"LX1729363","productname":"Poklady klasick\u00e9 \u010desk\u00e9 kuchyn\u011b aneb Jak to ta babi\u010dka tenkr\u00e1t va\u0159ila","product":"Poklady klasick\u00e9 \u010desk\u00e9 kuchyn\u011b aneb Jak to ta babi\u010dka tenkr\u00e1t va\u0159ila","url":"https:\/\/www.luxor.cz\/v\/1729363\/poklady-klasicke-ceske-kuchyne-aneb-jak-to-ta-babicka-tenkrat-varila","imgurl":"https:\/\/img.luxor.cz\/orig\/produkty\/9788087737606.jpg","price_vat":"459.00","margin":"","vat":"","paramname1":"","paramval1":"","paramname2":"","paramval2":"","paramname3":"","paramval3":"","paramname4":"","paramval4":"","paramname5":"","paramval5":"","paramname6":"","paramval6":"","paramname7":"","paramval7":"","paramname8":"","paramval8":"","paramname9":"","paramval9":"","paramname10":"","paramval10":"","ean":"9788087737606","manufacturer":"Pra\u017esk\u00fd kulin\u00e1\u0159sk\u00fd institut","categorytext":""},"_links":{"self":[{"href":"https:\/\/www.luxor.cz\/blog\/wp-json\/wp\/v2\/product\/107242","targetHints":{"allow":["GET"]}}],"collection":[{"href":"https:\/\/www.luxor.cz\/blog\/wp-json\/wp\/v2\/product"}],"about":[{"href":"https:\/\/www.luxor.cz\/blog\/wp-json\/wp\/v2\/types\/product"}],"replies":[{"embeddable":true,"href":"https:\/\/www.luxor.cz\/blog\/wp-json\/wp\/v2\/comments?post=107242"}],"wp:attachment":[{"href":"https:\/\/www.luxor.cz\/blog\/wp-json\/wp\/v2\/media?parent=107242"}],"wp:term":[{"taxonomy":"product_cat","embeddable":true,"href":"https:\/\/www.luxor.cz\/blog\/wp-json\/wp\/v2\/product_cat?post=107242"},{"taxonomy":"product_tag","embeddable":true,"href":"https:\/\/www.luxor.cz\/blog\/wp-json\/wp\/v2\/product_tag?post=107242"}],"curies":[{"name":"wp","href":"https:\/\/api.w.org\/{rel}","templated":true}]}}