{"id":106989,"date":"2023-08-14T17:07:41","date_gmt":"2023-08-14T15:07:41","guid":{"rendered":"https:\/\/www.luxor.cz\/blog\/produkt\/akvarium-zabava-pro-deti\/"},"modified":"2023-08-14T17:07:41","modified_gmt":"2023-08-14T15:07:41","slug":"akvarium-zabava-pro-deti","status":"publish","type":"product","link":"https:\/\/www.luxor.cz\/blog\/produkt\/akvarium-zabava-pro-deti\/","title":{"rendered":"Akv\u00e1rium \u2013 z\u00e1bava pro d\u011bti"},"content":{"rendered":"<p>P\u0159\u00edrod\u011b na stop\u011b! Akv\u00e1rium nab\u00edz\u00ed opravdov\u00e9 dobrodru\u017estv\u00ed. M\u016f\u017ee\u0161 pozorovat nap\u00ednav\u00e9 \u017eivotn\u00ed projevy pestrobarevn\u00fdch obyvatel akv\u00e1ria a za\u017e\u00edt narozen\u00ed ryb\u00edch miminek. Ne\u017e k tomu ale dojde, mus\u00ed\u0161 si v\u0161echno dob\u0159e napl\u00e1novat. V tom ti pom\u016f\u017ee tahle kn\u00ed\u017eka. Vysv\u011btl\u00ed ti krok za krokem, jak\u00e9 vybaven\u00ed pro sv\u00e9 akv\u00e1rium pot\u0159ebuje\u0161, jak os\u00e1z\u00ed\u0161 akv\u00e1rium spr\u00e1vn\u011b rostlinami a kter\u00e9 ryby se k sob\u011b hod\u00ed. Najde\u0161 tu v\u0161echno d\u016fle\u017eit\u00e9, co pot\u0159ebuje\u0161 v\u011bd\u011bt o za\u0159\u00edzen\u00ed akv\u00e1ria a jeho \u00fadr\u017eb\u011b i o zdrav\u00e9 v\u00fd\u017eiv\u011b zv\u00ed\u0159at. Krom\u011b toho z\u00edsk\u00e1\u0161 i hodn\u011b tip\u016f a podn\u011bt\u016f k vlastn\u00edmu b\u00e1d\u00e1n\u00ed a experimentov\u00e1n\u00ed.<\/p>\n","protected":false},"excerpt":{"rendered":"<p>P\u0159\u00edrod\u011b na stop\u011b! Akv\u00e1rium nab\u00edz\u00ed opravdov\u00e9 dobrodru\u017estv\u00ed. M\u016f\u017ee\u0161 pozorovat nap\u00ednav\u00e9 \u017eivotn\u00ed projevy pestrobarevn\u00fdch obyvatel akv\u00e1ria a za\u017e\u00edt narozen\u00ed ryb\u00edch miminek. Ne\u017e k tomu ale dojde, mus\u00ed\u0161 si v\u0161echno dob\u0159e napl\u00e1novat. [&hellip;]<\/p>\n","protected":false},"featured_media":0,"comment_status":"closed","ping_status":"open","template":"","meta":{"_acf_changed":false,"_monsterinsights_skip_tracking":false,"_monsterinsights_sitenote_active":false,"_monsterinsights_sitenote_note":"","_monsterinsights_sitenote_category":0,"_EventAllDay":false,"_EventTimezone":"","_EventStartDate":"","_EventEndDate":"","_EventStartDateUTC":"","_EventEndDateUTC":"","_EventShowMap":false,"_EventShowMapLink":false,"_EventURL":"","_EventCost":"","_EventCostDescription":"","_EventCurrencySymbol":"","_EventCurrencyCode":"","_EventCurrencyPosition":"","_EventDateTimeSeparator":"","_EventTimeRangeSeparator":"","_EventOrganizerID":[],"_EventVenueID":[],"_OrganizerEmail":"","_OrganizerPhone":"","_OrganizerWebsite":"","_VenueAddress":"","_VenueCity":"","_VenueCountry":"","_VenueProvince":"","_VenueState":"","_VenueZip":"","_VenuePhone":"","_VenueURL":"","_VenueStateProvince":"","_VenueLat":"","_VenueLng":"","_VenueShowMap":false,"_VenueShowMapLink":false,"twitterCardType":"","cardImageID":0,"cardImage":"","cardTitle":"","cardDesc":"","cardImageAlt":"","cardPlayer":"","cardPlayerWidth":0,"cardPlayerHeight":0,"cardPlayerStream":"","cardPlayerCodec":""},"product_cat":[],"product_tag":[],"class_list":["post-106989","product","type-product","status-publish","hentry"],"acf":{"description":"P\u0159\u00edrod\u011b na stop\u011b! Akv\u00e1rium nab\u00edz\u00ed opravdov\u00e9 dobrodru\u017estv\u00ed. M\u016f\u017ee\u0161 pozorovat nap\u00ednav\u00e9 \u017eivotn\u00ed projevy pestrobarevn\u00fdch obyvatel akv\u00e1ria a za\u017e\u00edt narozen\u00ed ryb\u00edch miminek. Ne\u017e k tomu ale dojde, mus\u00ed\u0161 si v\u0161echno dob\u0159e napl\u00e1novat. V tom ti pom\u016f\u017ee tahle kn\u00ed\u017eka. Vysv\u011btl\u00ed ti krok za krokem, jak\u00e9 vybaven\u00ed pro sv\u00e9 akv\u00e1rium pot\u0159ebuje\u0161, jak os\u00e1z\u00ed\u0161 akv\u00e1rium spr\u00e1vn\u011b rostlinami a kter\u00e9 ryby se k sob\u011b hod\u00ed. Najde\u0161 tu v\u0161echno d\u016fle\u017eit\u00e9, co pot\u0159ebuje\u0161 v\u011bd\u011bt o za\u0159\u00edzen\u00ed akv\u00e1ria a jeho \u00fadr\u017eb\u011b i o zdrav\u00e9 v\u00fd\u017eiv\u011b zv\u00ed\u0159at. Krom\u011b toho z\u00edsk\u00e1\u0161 i hodn\u011b tip\u016f a podn\u011bt\u016f k vlastn\u00edmu b\u00e1d\u00e1n\u00ed a experimentov\u00e1n\u00ed.","item_id":"LX1724979","productname":"Akv\u00e1rium \u2013 z\u00e1bava pro d\u011bti","product":"Akv\u00e1rium \u2013 z\u00e1bava pro d\u011bti","url":"https:\/\/www.luxor.cz\/v\/1724979\/akvarium-zabava-pro-deti","imgurl":"https:\/\/img.luxor.cz\/orig\/produkty\/9788075410276.jpg","price_vat":"142.00","margin":"","vat":"","paramname1":"","paramval1":"","paramname2":"","paramval2":"","paramname3":"","paramval3":"","paramname4":"","paramval4":"","paramname5":"","paramval5":"","paramname6":"","paramval6":"","paramname7":"","paramval7":"","paramname8":"","paramval8":"","paramname9":"","paramval9":"","paramname10":"","paramval10":"","ean":"9788075410276","manufacturer":"Va\u0161ut","categorytext":""},"_links":{"self":[{"href":"https:\/\/www.luxor.cz\/blog\/wp-json\/wp\/v2\/product\/106989","targetHints":{"allow":["GET"]}}],"collection":[{"href":"https:\/\/www.luxor.cz\/blog\/wp-json\/wp\/v2\/product"}],"about":[{"href":"https:\/\/www.luxor.cz\/blog\/wp-json\/wp\/v2\/types\/product"}],"replies":[{"embeddable":true,"href":"https:\/\/www.luxor.cz\/blog\/wp-json\/wp\/v2\/comments?post=106989"}],"wp:attachment":[{"href":"https:\/\/www.luxor.cz\/blog\/wp-json\/wp\/v2\/media?parent=106989"}],"wp:term":[{"taxonomy":"product_cat","embeddable":true,"href":"https:\/\/www.luxor.cz\/blog\/wp-json\/wp\/v2\/product_cat?post=106989"},{"taxonomy":"product_tag","embeddable":true,"href":"https:\/\/www.luxor.cz\/blog\/wp-json\/wp\/v2\/product_tag?post=106989"}],"curies":[{"name":"wp","href":"https:\/\/api.w.org\/{rel}","templated":true}]}}