{"id":106194,"date":"2023-08-14T16:58:53","date_gmt":"2023-08-14T14:58:53","guid":{"rendered":"https:\/\/www.luxor.cz\/blog\/produkt\/prvni-kviz-pro-predskolaky\/"},"modified":"2023-08-14T16:58:53","modified_gmt":"2023-08-14T14:58:53","slug":"prvni-kviz-pro-predskolaky","status":"publish","type":"product","link":"https:\/\/www.luxor.cz\/blog\/produkt\/prvni-kviz-pro-predskolaky\/","title":{"rendered":"Prvn\u00ed kv\u00edz pro p\u0159ed\u0161kol\u00e1ky"},"content":{"rendered":"<p>Obr\u00e1zkov\u00fd kv\u00edz pro p\u0159ed\u0161kol\u00e1ky je ur\u010den pro z\u00e1bavu na proch\u00e1zce i na cest\u011b, obohat\u00ed slovn\u00ed z\u00e1sobu a ov\u011b\u0159\u00ed znalosti d\u00edt\u011bte &#8211;<\/p>\n","protected":false},"excerpt":{"rendered":"<p>Obr\u00e1zkov\u00fd kv\u00edz pro p\u0159ed\u0161kol\u00e1ky je ur\u010den pro z\u00e1bavu na proch\u00e1zce i na cest\u011b, obohat\u00ed slovn\u00ed z\u00e1sobu a ov\u011b\u0159\u00ed znalosti d\u00edt\u011bte &#8211;<\/p>\n","protected":false},"featured_media":0,"comment_status":"closed","ping_status":"open","template":"","meta":{"_acf_changed":false,"_monsterinsights_skip_tracking":false,"_monsterinsights_sitenote_active":false,"_monsterinsights_sitenote_note":"","_monsterinsights_sitenote_category":0,"_EventAllDay":false,"_EventTimezone":"","_EventStartDate":"","_EventEndDate":"","_EventStartDateUTC":"","_EventEndDateUTC":"","_EventShowMap":false,"_EventShowMapLink":false,"_EventURL":"","_EventCost":"","_EventCostDescription":"","_EventCurrencySymbol":"","_EventCurrencyCode":"","_EventCurrencyPosition":"","_EventDateTimeSeparator":"","_EventTimeRangeSeparator":"","_EventOrganizerID":[],"_EventVenueID":[],"_OrganizerEmail":"","_OrganizerPhone":"","_OrganizerWebsite":"","_VenueAddress":"","_VenueCity":"","_VenueCountry":"","_VenueProvince":"","_VenueState":"","_VenueZip":"","_VenuePhone":"","_VenueURL":"","_VenueStateProvince":"","_VenueLat":"","_VenueLng":"","_VenueShowMap":false,"_VenueShowMapLink":false,"twitterCardType":"","cardImageID":0,"cardImage":"","cardTitle":"","cardDesc":"","cardImageAlt":"","cardPlayer":"","cardPlayerWidth":0,"cardPlayerHeight":0,"cardPlayerStream":"","cardPlayerCodec":""},"product_cat":[],"product_tag":[],"class_list":["post-106194","product","type-product","status-publish","hentry"],"acf":{"description":"Obr\u00e1zkov\u00fd kv\u00edz pro p\u0159ed\u0161kol\u00e1ky je ur\u010den pro z\u00e1bavu na proch\u00e1zce i na cest\u011b, obohat\u00ed slovn\u00ed z\u00e1sobu a ov\u011b\u0159\u00ed znalosti d\u00edt\u011bte -","item_id":"LX1729062","productname":"Prvn\u00ed kv\u00edz pro p\u0159ed\u0161kol\u00e1ky","product":"Prvn\u00ed kv\u00edz pro p\u0159ed\u0161kol\u00e1ky","url":"https:\/\/www.luxor.cz\/v\/1729062\/prvni-kviz-pro-predskolaky","imgurl":"https:\/\/img.luxor.cz\/orig\/produkty\/9788087845523.jpg","price_vat":"89.00","margin":"","vat":"","paramname1":"","paramval1":"","paramname2":"","paramval2":"","paramname3":"","paramval3":"","paramname4":"","paramval4":"","paramname5":"","paramval5":"","paramname6":"","paramval6":"","paramname7":"","paramval7":"","paramname8":"","paramval8":"","paramname9":"","paramval9":"","paramname10":"","paramval10":"","ean":"9788087845523","manufacturer":"Aksjomat","categorytext":""},"_links":{"self":[{"href":"https:\/\/www.luxor.cz\/blog\/wp-json\/wp\/v2\/product\/106194","targetHints":{"allow":["GET"]}}],"collection":[{"href":"https:\/\/www.luxor.cz\/blog\/wp-json\/wp\/v2\/product"}],"about":[{"href":"https:\/\/www.luxor.cz\/blog\/wp-json\/wp\/v2\/types\/product"}],"replies":[{"embeddable":true,"href":"https:\/\/www.luxor.cz\/blog\/wp-json\/wp\/v2\/comments?post=106194"}],"wp:attachment":[{"href":"https:\/\/www.luxor.cz\/blog\/wp-json\/wp\/v2\/media?parent=106194"}],"wp:term":[{"taxonomy":"product_cat","embeddable":true,"href":"https:\/\/www.luxor.cz\/blog\/wp-json\/wp\/v2\/product_cat?post=106194"},{"taxonomy":"product_tag","embeddable":true,"href":"https:\/\/www.luxor.cz\/blog\/wp-json\/wp\/v2\/product_tag?post=106194"}],"curies":[{"name":"wp","href":"https:\/\/api.w.org\/{rel}","templated":true}]}}