{"id":105028,"date":"2023-08-14T16:46:10","date_gmt":"2023-08-14T14:46:10","guid":{"rendered":"https:\/\/www.luxor.cz\/blog\/produkt\/pohadky-po-telefonu\/"},"modified":"2023-08-14T16:46:10","modified_gmt":"2023-08-14T14:46:10","slug":"pohadky-po-telefonu","status":"publish","type":"product","link":"https:\/\/www.luxor.cz\/blog\/produkt\/pohadky-po-telefonu\/","title":{"rendered":"Poh\u00e1dky po telefonu"},"content":{"rendered":"<p>Italsk\u00e9ho autora, nositele Andersenovy ceny, nen\u00ed t\u0159eba \u010desk\u00e9mu \u010dten\u00e1\u0159i p\u0159edstavovat \u2013 tedy pokud je mu v\u00edc ne\u017e t\u0159icet let. Tolik let toti\u017e uplynulo od vyd\u00e1n\u00ed jeho slavn\u00e9 knihy Poh\u00e1dky po telefonu.<br \/>\n63 kr\u00e1tk\u00fdch, ale v\u017edy vtipn\u00fdch, moudr\u00fdch a origin\u00e1ln\u00edch poh\u00e1dek nyn\u00ed vych\u00e1z\u00ed znovu, ov\u0161em se zcela neobvykl\u00fdm ilustra\u010dn\u00edm doprovodem.<br \/>\nNakladatelstv\u00ed LIKA KLUB se k vyd\u00e1n\u00ed t\u00e9to knihy spojilo s organizac\u00ed CEL\u00c9 \u010cESKO \u010cTE D\u011aTEM a jej\u00edm prost\u0159ednictv\u00edm oslovilo d\u011bti z cel\u00e9 republiky, aby si poh\u00e1dky ilustrovaly samy. Z v\u00edce ne\u017e 1200 ilustrac\u00ed pak byly vybr\u00e1ny ty nejzaj\u00edmav\u011bj\u0161\u00ed a d\u00edky kouzeln\u00e9 grafick\u00e9 \u00faprav\u011b knihy se jim dostalo profesion\u00e1ln\u00edho zpracov\u00e1n\u00ed.<br \/>\nVznikla tak vesel\u00e1 barevn\u00e1 kniha, pln\u00e1 legrace, n\u00e1pad\u016f a radosti. Kdo by si necht\u011bl \u010d\u00edst o pal\u00e1ci ze zmrzliny \u010di o bonbonov\u00e9m de\u0161ti, koho by nezaj\u00edmaly p\u0159\u00edb\u011bhy o hol\u010di\u010dce, co po\u0159\u00e1d padala nebo o klukovi, kter\u00fd st\u00e1le n\u011bco ztr\u00e1cel&#8230;<br \/>\nKr\u00e1tk\u00e9 poh\u00e1dky jsou zvl\u00e1\u0161t\u011b vhodn\u00e9 pro \u010dten\u00ed d\u011btem nebo pro za\u010d\u00ednaj\u00edc\u00ed \u010dten\u00e1\u0159e.<\/p>\n","protected":false},"excerpt":{"rendered":"<p>Italsk\u00e9ho autora, nositele Andersenovy ceny, nen\u00ed t\u0159eba \u010desk\u00e9mu \u010dten\u00e1\u0159i p\u0159edstavovat \u2013 tedy pokud je mu v\u00edc ne\u017e t\u0159icet let. Tolik let toti\u017e uplynulo od vyd\u00e1n\u00ed jeho slavn\u00e9 knihy Poh\u00e1dky po [&hellip;]<\/p>\n","protected":false},"featured_media":0,"comment_status":"closed","ping_status":"open","template":"","meta":{"_acf_changed":false,"_monsterinsights_skip_tracking":false,"_monsterinsights_sitenote_active":false,"_monsterinsights_sitenote_note":"","_monsterinsights_sitenote_category":0,"_EventAllDay":false,"_EventTimezone":"","_EventStartDate":"","_EventEndDate":"","_EventStartDateUTC":"","_EventEndDateUTC":"","_EventShowMap":false,"_EventShowMapLink":false,"_EventURL":"","_EventCost":"","_EventCostDescription":"","_EventCurrencySymbol":"","_EventCurrencyCode":"","_EventCurrencyPosition":"","_EventDateTimeSeparator":"","_EventTimeRangeSeparator":"","_EventOrganizerID":[],"_EventVenueID":[],"_OrganizerEmail":"","_OrganizerPhone":"","_OrganizerWebsite":"","_VenueAddress":"","_VenueCity":"","_VenueCountry":"","_VenueProvince":"","_VenueState":"","_VenueZip":"","_VenuePhone":"","_VenueURL":"","_VenueStateProvince":"","_VenueLat":"","_VenueLng":"","_VenueShowMap":false,"_VenueShowMapLink":false,"twitterCardType":"","cardImageID":0,"cardImage":"","cardTitle":"","cardDesc":"","cardImageAlt":"","cardPlayer":"","cardPlayerWidth":0,"cardPlayerHeight":0,"cardPlayerStream":"","cardPlayerCodec":""},"product_cat":[],"product_tag":[],"class_list":["post-105028","product","type-product","status-publish","hentry"],"acf":{"description":"Italsk\u00e9ho autora, nositele Andersenovy ceny, nen\u00ed t\u0159eba \u010desk\u00e9mu \u010dten\u00e1\u0159i p\u0159edstavovat \u2013 tedy pokud je mu v\u00edc ne\u017e t\u0159icet let. Tolik let toti\u017e uplynulo od vyd\u00e1n\u00ed jeho slavn\u00e9 knihy Poh\u00e1dky po telefonu.\n63 kr\u00e1tk\u00fdch, ale v\u017edy vtipn\u00fdch, moudr\u00fdch a origin\u00e1ln\u00edch poh\u00e1dek nyn\u00ed vych\u00e1z\u00ed znovu, ov\u0161em se zcela neobvykl\u00fdm ilustra\u010dn\u00edm doprovodem.\nNakladatelstv\u00ed LIKA KLUB se k vyd\u00e1n\u00ed t\u00e9to knihy spojilo s organizac\u00ed CEL\u00c9 \u010cESKO \u010cTE D\u011aTEM a jej\u00edm prost\u0159ednictv\u00edm oslovilo d\u011bti z cel\u00e9 republiky, aby si poh\u00e1dky ilustrovaly samy. Z v\u00edce ne\u017e 1200 ilustrac\u00ed pak byly vybr\u00e1ny ty nejzaj\u00edmav\u011bj\u0161\u00ed a d\u00edky kouzeln\u00e9 grafick\u00e9 \u00faprav\u011b knihy se jim dostalo profesion\u00e1ln\u00edho zpracov\u00e1n\u00ed.\nVznikla tak vesel\u00e1 barevn\u00e1 kniha, pln\u00e1 legrace, n\u00e1pad\u016f a radosti. Kdo by si necht\u011bl \u010d\u00edst o pal\u00e1ci ze zmrzliny \u010di o bonbonov\u00e9m de\u0161ti, koho by nezaj\u00edmaly p\u0159\u00edb\u011bhy o hol\u010di\u010dce, co po\u0159\u00e1d padala nebo o klukovi, kter\u00fd st\u00e1le n\u011bco ztr\u00e1cel...\nKr\u00e1tk\u00e9 poh\u00e1dky jsou zvl\u00e1\u0161t\u011b vhodn\u00e9 pro \u010dten\u00ed d\u011btem nebo pro za\u010d\u00ednaj\u00edc\u00ed \u010dten\u00e1\u0159e.","item_id":"LX1720698","productname":"Poh\u00e1dky po telefonu","product":"Poh\u00e1dky po telefonu","url":"https:\/\/www.luxor.cz\/v\/1720698\/pohadky-po-telefonu","imgurl":"https:\/\/img.luxor.cz\/orig\/produkty\/9788086069722.jpg","price_vat":"268.00","margin":"","vat":"","paramname1":"","paramval1":"","paramname2":"","paramval2":"","paramname3":"","paramval3":"","paramname4":"","paramval4":"","paramname5":"","paramval5":"","paramname6":"","paramval6":"","paramname7":"","paramval7":"","paramname8":"","paramval8":"","paramname9":"","paramval9":"","paramname10":"","paramval10":"","ean":"9788086069722","manufacturer":"Lika Klub","categorytext":""},"_links":{"self":[{"href":"https:\/\/www.luxor.cz\/blog\/wp-json\/wp\/v2\/product\/105028","targetHints":{"allow":["GET"]}}],"collection":[{"href":"https:\/\/www.luxor.cz\/blog\/wp-json\/wp\/v2\/product"}],"about":[{"href":"https:\/\/www.luxor.cz\/blog\/wp-json\/wp\/v2\/types\/product"}],"replies":[{"embeddable":true,"href":"https:\/\/www.luxor.cz\/blog\/wp-json\/wp\/v2\/comments?post=105028"}],"wp:attachment":[{"href":"https:\/\/www.luxor.cz\/blog\/wp-json\/wp\/v2\/media?parent=105028"}],"wp:term":[{"taxonomy":"product_cat","embeddable":true,"href":"https:\/\/www.luxor.cz\/blog\/wp-json\/wp\/v2\/product_cat?post=105028"},{"taxonomy":"product_tag","embeddable":true,"href":"https:\/\/www.luxor.cz\/blog\/wp-json\/wp\/v2\/product_tag?post=105028"}],"curies":[{"name":"wp","href":"https:\/\/api.w.org\/{rel}","templated":true}]}}