{"id":104709,"date":"2023-08-14T16:42:46","date_gmt":"2023-08-14T14:42:46","guid":{"rendered":"https:\/\/www.luxor.cz\/blog\/produkt\/princezna-locika\/"},"modified":"2023-08-14T16:42:47","modified_gmt":"2023-08-14T14:42:47","slug":"princezna-locika","status":"publish","type":"product","link":"https:\/\/www.luxor.cz\/blog\/produkt\/princezna-locika\/","title":{"rendered":"Princezna &#8211; Locika"},"content":{"rendered":"<p>Nejobl\u00edben\u011bj\u0161\u00ed princezny z Disney poh\u00e1dek jsou mil\u00e9, zp\u016fsobn\u00e9 a laskav\u00e9, ale kdy\u017e je t\u0159eba, p\u0159ekonaj\u00ed ka\u017edou p\u0159ek\u00e1\u017eku a vy\u0159e\u0161\u00ed jak\u00fdkoliv probl\u00e9m. Dok\u00e1\u017eou b\u00fdt \u0161ikovn\u00e9, odv\u00e1\u017en\u00e9, samostatn\u00e9 a d\u016fvtipn\u00e9! P\u0159e\u010dti si, jak se Locika t\u0159ikr\u00e1t vsadila s Flynnem. Kdo je lep\u0161\u00ed ve \u0161plhu, v b\u011bhu a v plav\u00e1n\u00ed? Ve druh\u00e9m p\u0159\u00edb\u011bhu se dozv\u00ed\u0161, jak Locika pomohla zran\u011bn\u00e9mu chlape\u010dkovi i bez sv\u00fdch kouzeln\u00fdch vlas\u016f. Bu\u010f jako ona!<\/p>\n","protected":false},"excerpt":{"rendered":"<p>Nejobl\u00edben\u011bj\u0161\u00ed princezny z Disney poh\u00e1dek jsou mil\u00e9, zp\u016fsobn\u00e9 a laskav\u00e9, ale kdy\u017e je t\u0159eba, p\u0159ekonaj\u00ed ka\u017edou p\u0159ek\u00e1\u017eku a vy\u0159e\u0161\u00ed jak\u00fdkoliv probl\u00e9m. Dok\u00e1\u017eou b\u00fdt \u0161ikovn\u00e9, odv\u00e1\u017en\u00e9, samostatn\u00e9 a d\u016fvtipn\u00e9! P\u0159e\u010dti si, [&hellip;]<\/p>\n","protected":false},"featured_media":0,"comment_status":"closed","ping_status":"open","template":"","meta":{"_acf_changed":false,"_monsterinsights_skip_tracking":false,"_monsterinsights_sitenote_active":false,"_monsterinsights_sitenote_note":"","_monsterinsights_sitenote_category":0,"_EventAllDay":false,"_EventTimezone":"","_EventStartDate":"","_EventEndDate":"","_EventStartDateUTC":"","_EventEndDateUTC":"","_EventShowMap":false,"_EventShowMapLink":false,"_EventURL":"","_EventCost":"","_EventCostDescription":"","_EventCurrencySymbol":"","_EventCurrencyCode":"","_EventCurrencyPosition":"","_EventDateTimeSeparator":"","_EventTimeRangeSeparator":"","_EventOrganizerID":[],"_EventVenueID":[],"_OrganizerEmail":"","_OrganizerPhone":"","_OrganizerWebsite":"","_VenueAddress":"","_VenueCity":"","_VenueCountry":"","_VenueProvince":"","_VenueState":"","_VenueZip":"","_VenuePhone":"","_VenueURL":"","_VenueStateProvince":"","_VenueLat":"","_VenueLng":"","_VenueShowMap":false,"_VenueShowMapLink":false,"twitterCardType":"","cardImageID":0,"cardImage":"","cardTitle":"","cardDesc":"","cardImageAlt":"","cardPlayer":"","cardPlayerWidth":0,"cardPlayerHeight":0,"cardPlayerStream":"","cardPlayerCodec":""},"product_cat":[],"product_tag":[],"class_list":["post-104709","product","type-product","status-publish","hentry"],"acf":{"description":"Nejobl\u00edben\u011bj\u0161\u00ed princezny z Disney poh\u00e1dek jsou mil\u00e9, zp\u016fsobn\u00e9 a laskav\u00e9, ale kdy\u017e je t\u0159eba, p\u0159ekonaj\u00ed ka\u017edou p\u0159ek\u00e1\u017eku a vy\u0159e\u0161\u00ed jak\u00fdkoliv probl\u00e9m. Dok\u00e1\u017eou b\u00fdt \u0161ikovn\u00e9, odv\u00e1\u017en\u00e9, samostatn\u00e9 a d\u016fvtipn\u00e9! P\u0159e\u010dti si, jak se Locika t\u0159ikr\u00e1t vsadila s Flynnem. Kdo je lep\u0161\u00ed ve \u0161plhu, v b\u011bhu a v plav\u00e1n\u00ed? Ve druh\u00e9m p\u0159\u00edb\u011bhu se dozv\u00ed\u0161, jak Locika pomohla zran\u011bn\u00e9mu chlape\u010dkovi i bez sv\u00fdch kouzeln\u00fdch vlas\u016f. Bu\u010f jako ona!","item_id":"LX1713886","productname":"Princezna - Locika","product":"Princezna - Locika","url":"https:\/\/www.luxor.cz\/v\/1713886\/princezna-locika","imgurl":"https:\/\/img.luxor.cz\/orig\/produkty\/9788025242742.jpg","price_vat":"134.00","margin":"","vat":"","paramname1":"","paramval1":"","paramname2":"","paramval2":"","paramname3":"","paramval3":"","paramname4":"","paramval4":"","paramname5":"","paramval5":"","paramname6":"","paramval6":"","paramname7":"","paramval7":"","paramname8":"","paramval8":"","paramname9":"","paramval9":"","paramname10":"","paramval10":"","ean":"9788025242742","manufacturer":"Egmont","categorytext":""},"_links":{"self":[{"href":"https:\/\/www.luxor.cz\/blog\/wp-json\/wp\/v2\/product\/104709","targetHints":{"allow":["GET"]}}],"collection":[{"href":"https:\/\/www.luxor.cz\/blog\/wp-json\/wp\/v2\/product"}],"about":[{"href":"https:\/\/www.luxor.cz\/blog\/wp-json\/wp\/v2\/types\/product"}],"replies":[{"embeddable":true,"href":"https:\/\/www.luxor.cz\/blog\/wp-json\/wp\/v2\/comments?post=104709"}],"wp:attachment":[{"href":"https:\/\/www.luxor.cz\/blog\/wp-json\/wp\/v2\/media?parent=104709"}],"wp:term":[{"taxonomy":"product_cat","embeddable":true,"href":"https:\/\/www.luxor.cz\/blog\/wp-json\/wp\/v2\/product_cat?post=104709"},{"taxonomy":"product_tag","embeddable":true,"href":"https:\/\/www.luxor.cz\/blog\/wp-json\/wp\/v2\/product_tag?post=104709"}],"curies":[{"name":"wp","href":"https:\/\/api.w.org\/{rel}","templated":true}]}}