{"id":104589,"date":"2023-08-14T16:41:21","date_gmt":"2023-08-14T14:41:21","guid":{"rendered":"https:\/\/www.luxor.cz\/blog\/produkt\/omalovanky-pixel-art-uzasne-obrazy\/"},"modified":"2023-08-14T16:41:21","modified_gmt":"2023-08-14T14:41:21","slug":"omalovanky-pixel-art-uzasne-obrazy","status":"publish","type":"product","link":"https:\/\/www.luxor.cz\/blog\/produkt\/omalovanky-pixel-art-uzasne-obrazy\/","title":{"rendered":"Omalov\u00e1nky Pixel Art &#8211; \u00da\u017easn\u00e9 obrazy"},"content":{"rendered":"<p>Ka\u017ed\u00fd drobn\u00fd tvar je ozna\u010den \u010d\u00edslem a u obr\u00e1zku je barevn\u00e1 paleta, kterou m\u00e1te, nebo m\u016f\u017eete, pou\u017e\u00edt pro vybarven\u00ed dan\u00e9 str\u00e1nky. Vybarv\u011bte P\u0161eni\u010dn\u00e9 pole s cyp\u0159i\u0161i od van Gogha slo\u017een\u00e9 z kole\u010dek, Monetovo Jez\u00edrko s lekn\u00edny z \u0161esti\u00faheln\u00edk\u016f \u010di Velkou vlnu od Hokusaie z troj\u00faheln\u00ed\u010dk\u016f. P\u0159ekvap\u00ed v\u00e1s, jak kr\u00e1sn\u00e9 obr\u00e1zky vytvo\u0159\u00edte. Vydejte se na kouzelnou cestu barvami a tvary, hledejte skryt\u00e9 poklady, kter\u00e9 \u010dekaj\u00ed jen na to, a\u017e je vybarv\u00edte.<\/p>\n","protected":false},"excerpt":{"rendered":"<p>Ka\u017ed\u00fd drobn\u00fd tvar je ozna\u010den \u010d\u00edslem a u obr\u00e1zku je barevn\u00e1 paleta, kterou m\u00e1te, nebo m\u016f\u017eete, pou\u017e\u00edt pro vybarven\u00ed dan\u00e9 str\u00e1nky. Vybarv\u011bte P\u0161eni\u010dn\u00e9 pole s cyp\u0159i\u0161i od van Gogha slo\u017een\u00e9 [&hellip;]<\/p>\n","protected":false},"featured_media":0,"comment_status":"closed","ping_status":"open","template":"","meta":{"_acf_changed":false,"_monsterinsights_skip_tracking":false,"_monsterinsights_sitenote_active":false,"_monsterinsights_sitenote_note":"","_monsterinsights_sitenote_category":0,"_EventAllDay":false,"_EventTimezone":"","_EventStartDate":"","_EventEndDate":"","_EventStartDateUTC":"","_EventEndDateUTC":"","_EventShowMap":false,"_EventShowMapLink":false,"_EventURL":"","_EventCost":"","_EventCostDescription":"","_EventCurrencySymbol":"","_EventCurrencyCode":"","_EventCurrencyPosition":"","_EventDateTimeSeparator":"","_EventTimeRangeSeparator":"","_EventOrganizerID":[],"_EventVenueID":[],"_OrganizerEmail":"","_OrganizerPhone":"","_OrganizerWebsite":"","_VenueAddress":"","_VenueCity":"","_VenueCountry":"","_VenueProvince":"","_VenueState":"","_VenueZip":"","_VenuePhone":"","_VenueURL":"","_VenueStateProvince":"","_VenueLat":"","_VenueLng":"","_VenueShowMap":false,"_VenueShowMapLink":false,"twitterCardType":"","cardImageID":0,"cardImage":"","cardTitle":"","cardDesc":"","cardImageAlt":"","cardPlayer":"","cardPlayerWidth":0,"cardPlayerHeight":0,"cardPlayerStream":"","cardPlayerCodec":""},"product_cat":[],"product_tag":[],"class_list":["post-104589","product","type-product","status-publish","hentry"],"acf":{"description":"Ka\u017ed\u00fd drobn\u00fd tvar je ozna\u010den \u010d\u00edslem a u obr\u00e1zku je barevn\u00e1 paleta, kterou m\u00e1te, nebo m\u016f\u017eete, pou\u017e\u00edt pro vybarven\u00ed dan\u00e9 str\u00e1nky. Vybarv\u011bte P\u0161eni\u010dn\u00e9 pole s cyp\u0159i\u0161i od van Gogha slo\u017een\u00e9 z kole\u010dek, Monetovo Jez\u00edrko s lekn\u00edny z \u0161esti\u00faheln\u00edk\u016f \u010di Velkou vlnu od Hokusaie z troj\u00faheln\u00ed\u010dk\u016f. P\u0159ekvap\u00ed v\u00e1s, jak kr\u00e1sn\u00e9 obr\u00e1zky vytvo\u0159\u00edte. Vydejte se na kouzelnou cestu barvami a tvary, hledejte skryt\u00e9 poklady, kter\u00e9 \u010dekaj\u00ed jen na to, a\u017e je vybarv\u00edte.","item_id":"LX1709857","productname":"Omalov\u00e1nky Pixel Art - \u00da\u017easn\u00e9 obrazy","product":"Omalov\u00e1nky Pixel Art - \u00da\u017easn\u00e9 obrazy","url":"https:\/\/www.luxor.cz\/v\/1709857\/omalovanky-pixel-art-uzasne-obrazy","imgurl":"https:\/\/img.luxor.cz\/orig\/produkty\/9788027133635.jpg","price_vat":"259.00","margin":"","vat":"","paramname1":"","paramval1":"","paramname2":"","paramval2":"","paramname3":"","paramval3":"","paramname4":"","paramval4":"","paramname5":"","paramval5":"","paramname6":"","paramval6":"","paramname7":"","paramval7":"","paramname8":"","paramval8":"","paramname9":"","paramval9":"","paramname10":"","paramval10":"","ean":"9788027133635","manufacturer":"Grada","categorytext":""},"_links":{"self":[{"href":"https:\/\/www.luxor.cz\/blog\/wp-json\/wp\/v2\/product\/104589","targetHints":{"allow":["GET"]}}],"collection":[{"href":"https:\/\/www.luxor.cz\/blog\/wp-json\/wp\/v2\/product"}],"about":[{"href":"https:\/\/www.luxor.cz\/blog\/wp-json\/wp\/v2\/types\/product"}],"replies":[{"embeddable":true,"href":"https:\/\/www.luxor.cz\/blog\/wp-json\/wp\/v2\/comments?post=104589"}],"wp:attachment":[{"href":"https:\/\/www.luxor.cz\/blog\/wp-json\/wp\/v2\/media?parent=104589"}],"wp:term":[{"taxonomy":"product_cat","embeddable":true,"href":"https:\/\/www.luxor.cz\/blog\/wp-json\/wp\/v2\/product_cat?post=104589"},{"taxonomy":"product_tag","embeddable":true,"href":"https:\/\/www.luxor.cz\/blog\/wp-json\/wp\/v2\/product_tag?post=104589"}],"curies":[{"name":"wp","href":"https:\/\/api.w.org\/{rel}","templated":true}]}}