{"id":104380,"date":"2023-08-14T16:39:00","date_gmt":"2023-08-14T14:39:00","guid":{"rendered":"https:\/\/www.luxor.cz\/blog\/produkt\/pohadky-pod-polstar\/"},"modified":"2023-08-14T16:39:01","modified_gmt":"2023-08-14T14:39:01","slug":"pohadky-pod-polstar","status":"publish","type":"product","link":"https:\/\/www.luxor.cz\/blog\/produkt\/pohadky-pod-polstar\/","title":{"rendered":"Poh\u00e1dky pod pol\u0161t\u00e1\u0159"},"content":{"rendered":"<p>Kni\u017en\u00ed soubor poh\u00e1dek zahrnuje osm tematick\u00fdch okruh\u016f, jsou zde poh\u00e1dky jak pro chlapce, tak i pro d\u011bv\u010d\u00e1tka. N\u011bkter\u00e9 poh\u00e1dky jsou ze sv\u011bta zv\u00ed\u0159at, dal\u0161\u00ed ze sv\u011bta poh\u00e1dkov\u00fdch bytost\u00ed, ale nechyb\u00ed tak\u00e9 poh\u00e1dky ze \u0161kolky, ve kter\u00fdch se prol\u00edn\u00e1 re\u00e1ln\u00fd sv\u011bt d\u011bt\u00ed a prost\u0159ed\u00ed bl\u00edzk\u00e9 d\u011btem se sv\u011btem fantazie. Jednotliv\u00e9 poh\u00e1dky na sebe nenavazuj\u00ed, d\u00edt\u011b si tedy m\u016f\u017ee poka\u017ed\u00e9 vybrat k poslechu, p\u0159\u00edpadn\u011b ke \u010dten\u00ed libovoln\u00fd poh\u00e1dkov\u00fd p\u0159\u00edb\u011bh. Sv\u00fdm rozsahem odpov\u00eddaj\u00ed poh\u00e1dky mo\u017enosti p\u0159ed\u010d\u00edtat je p\u0159ed span\u00edm. Jsou ur\u010deny d\u011btem p\u0159ibli\u017en\u011b od 3 do 8 let. Knihu mohou vyu\u017e\u00edt jak rodi\u010de, tak i u\u010ditelky v mate\u0159sk\u00fdch \u0161kol\u00e1ch nebo knihovny p\u0159i pr\u00e1ci s d\u011btsk\u00fdmi \u010dten\u00e1\u0159i. Poh\u00e1dky doplnila kouzeln\u00fdmi ilustracemi mlad\u00e1 slovensk\u00e1 grafi\u010dka a dizajn\u00e9rka Katar\u00edna Ilkovi\u010dov\u00e1.<\/p>\n","protected":false},"excerpt":{"rendered":"<p>Kni\u017en\u00ed soubor poh\u00e1dek zahrnuje osm tematick\u00fdch okruh\u016f, jsou zde poh\u00e1dky jak pro chlapce, tak i pro d\u011bv\u010d\u00e1tka. N\u011bkter\u00e9 poh\u00e1dky jsou ze sv\u011bta zv\u00ed\u0159at, dal\u0161\u00ed ze sv\u011bta poh\u00e1dkov\u00fdch bytost\u00ed, ale nechyb\u00ed [&hellip;]<\/p>\n","protected":false},"featured_media":0,"comment_status":"closed","ping_status":"open","template":"","meta":{"_acf_changed":false,"_monsterinsights_skip_tracking":false,"_monsterinsights_sitenote_active":false,"_monsterinsights_sitenote_note":"","_monsterinsights_sitenote_category":0,"_EventAllDay":false,"_EventTimezone":"","_EventStartDate":"","_EventEndDate":"","_EventStartDateUTC":"","_EventEndDateUTC":"","_EventShowMap":false,"_EventShowMapLink":false,"_EventURL":"","_EventCost":"","_EventCostDescription":"","_EventCurrencySymbol":"","_EventCurrencyCode":"","_EventCurrencyPosition":"","_EventDateTimeSeparator":"","_EventTimeRangeSeparator":"","_EventOrganizerID":[],"_EventVenueID":[],"_OrganizerEmail":"","_OrganizerPhone":"","_OrganizerWebsite":"","_VenueAddress":"","_VenueCity":"","_VenueCountry":"","_VenueProvince":"","_VenueState":"","_VenueZip":"","_VenuePhone":"","_VenueURL":"","_VenueStateProvince":"","_VenueLat":"","_VenueLng":"","_VenueShowMap":false,"_VenueShowMapLink":false,"twitterCardType":"","cardImageID":0,"cardImage":"","cardTitle":"","cardDesc":"","cardImageAlt":"","cardPlayer":"","cardPlayerWidth":0,"cardPlayerHeight":0,"cardPlayerStream":"","cardPlayerCodec":""},"product_cat":[],"product_tag":[],"class_list":["post-104380","product","type-product","status-publish","hentry"],"acf":{"description":"Kni\u017en\u00ed soubor poh\u00e1dek zahrnuje osm tematick\u00fdch okruh\u016f, jsou zde poh\u00e1dky jak pro chlapce, tak i pro d\u011bv\u010d\u00e1tka. N\u011bkter\u00e9 poh\u00e1dky jsou ze sv\u011bta zv\u00ed\u0159at, dal\u0161\u00ed ze sv\u011bta poh\u00e1dkov\u00fdch bytost\u00ed, ale nechyb\u00ed tak\u00e9 poh\u00e1dky ze \u0161kolky, ve kter\u00fdch se prol\u00edn\u00e1 re\u00e1ln\u00fd sv\u011bt d\u011bt\u00ed a prost\u0159ed\u00ed bl\u00edzk\u00e9 d\u011btem se sv\u011btem fantazie. Jednotliv\u00e9 poh\u00e1dky na sebe nenavazuj\u00ed, d\u00edt\u011b si tedy m\u016f\u017ee poka\u017ed\u00e9 vybrat k poslechu, p\u0159\u00edpadn\u011b ke \u010dten\u00ed libovoln\u00fd poh\u00e1dkov\u00fd p\u0159\u00edb\u011bh. Sv\u00fdm rozsahem odpov\u00eddaj\u00ed poh\u00e1dky mo\u017enosti p\u0159ed\u010d\u00edtat je p\u0159ed span\u00edm. Jsou ur\u010deny d\u011btem p\u0159ibli\u017en\u011b od 3 do 8 let. Knihu mohou vyu\u017e\u00edt jak rodi\u010de, tak i u\u010ditelky v mate\u0159sk\u00fdch \u0161kol\u00e1ch nebo knihovny p\u0159i pr\u00e1ci s d\u011btsk\u00fdmi \u010dten\u00e1\u0159i. Poh\u00e1dky doplnila kouzeln\u00fdmi ilustracemi mlad\u00e1 slovensk\u00e1 grafi\u010dka a dizajn\u00e9rka Katar\u00edna Ilkovi\u010dov\u00e1.","item_id":"LX1712302","productname":"Poh\u00e1dky pod pol\u0161t\u00e1\u0159","product":"Poh\u00e1dky pod pol\u0161t\u00e1\u0159","url":"https:\/\/www.luxor.cz\/v\/1712302\/pohadky-pod-polstar","imgurl":"https:\/\/img.luxor.cz\/orig\/produkty\/9788026200796.jpg","price_vat":"254.00","margin":"","vat":"","paramname1":"","paramval1":"","paramname2":"","paramval2":"","paramname3":"","paramval3":"","paramname4":"","paramval4":"","paramname5":"","paramval5":"","paramname6":"","paramval6":"","paramname7":"","paramval7":"","paramname8":"","paramval8":"","paramname9":"","paramval9":"","paramname10":"","paramval10":"","ean":"9788026200796","manufacturer":"Port\u00e1l","categorytext":""},"_links":{"self":[{"href":"https:\/\/www.luxor.cz\/blog\/wp-json\/wp\/v2\/product\/104380","targetHints":{"allow":["GET"]}}],"collection":[{"href":"https:\/\/www.luxor.cz\/blog\/wp-json\/wp\/v2\/product"}],"about":[{"href":"https:\/\/www.luxor.cz\/blog\/wp-json\/wp\/v2\/types\/product"}],"replies":[{"embeddable":true,"href":"https:\/\/www.luxor.cz\/blog\/wp-json\/wp\/v2\/comments?post=104380"}],"wp:attachment":[{"href":"https:\/\/www.luxor.cz\/blog\/wp-json\/wp\/v2\/media?parent=104380"}],"wp:term":[{"taxonomy":"product_cat","embeddable":true,"href":"https:\/\/www.luxor.cz\/blog\/wp-json\/wp\/v2\/product_cat?post=104380"},{"taxonomy":"product_tag","embeddable":true,"href":"https:\/\/www.luxor.cz\/blog\/wp-json\/wp\/v2\/product_tag?post=104380"}],"curies":[{"name":"wp","href":"https:\/\/api.w.org\/{rel}","templated":true}]}}