{"id":102754,"date":"2023-08-14T16:20:55","date_gmt":"2023-08-14T14:20:55","guid":{"rendered":"https:\/\/www.luxor.cz\/blog\/produkt\/babicko-vypravej-kniha-pro-uchovani-vzpominek\/"},"modified":"2023-08-14T16:20:55","modified_gmt":"2023-08-14T14:20:55","slug":"babicko-vypravej-kniha-pro-uchovani-vzpominek","status":"publish","type":"product","link":"https:\/\/www.luxor.cz\/blog\/produkt\/babicko-vypravej-kniha-pro-uchovani-vzpominek\/","title":{"rendered":"Babi\u010dko, vypr\u00e1v\u011bj &#8211; Kniha pro uchov\u00e1n\u00ed vzpom\u00ednek"},"content":{"rendered":"<p>Otev\u0159en\u00e1 kniha pro zaznamen\u00e1n\u00ed vzpom\u00ednek va\u0161\u00ed babi\u010dky od d\u011btstv\u00ed po sou\u010dasnost. Babi\u010dka bude moci sama nebo s va\u0161\u00ed pomoc\u00ed vypl\u0148ovat kn\u00ed\u017eku a odpov\u00ed tak na celou \u0159adu pe\u010dliv\u011b vybran\u00fdch ot\u00e1zek. Nam\u00e1tkou: \u010d\u00edm cht\u011bla b\u00fdt, kdy\u017e byla mal\u00e1, jac\u00ed byli jej\u00ed rodi\u010de a prarodi\u010de, kde si hr\u00e1la, kdy potkala d\u011bde\u010dka \u2013 sv\u00e9ho mu\u017ee, co spolu za\u017eili, jak vn\u00edmala babi\u010dka historick\u00e9 ud\u00e1losti, co se podle n\u00ed dnes zm\u011bnilo oproti dob\u011b jej\u00edho ml\u00e1d\u00ed\u2026<br \/>\nKniha se stane pro va\u0161\u00ed babi\u010dku z\u00e1bavou a pro celou va\u0161i rodinu cenn\u00fdm pokladem. Doprovodn\u00e9 obr\u00e1zky a dobov\u00e9 fotografie pom\u00e1haj\u00ed probouzet vzpom\u00ednky. V kn\u00ed\u017ece je prostor na p\u0159id\u00e1n\u00ed vlastn\u00edch fotografi\u00ed.<br \/>\n\u201eBabi\u010dko, vypr\u00e1v\u011bj\u201c je unik\u00e1tn\u00edm d\u00e1rkem pro v\u0161echny babi\u010dky.<\/p>\n","protected":false},"excerpt":{"rendered":"<p>Otev\u0159en\u00e1 kniha pro zaznamen\u00e1n\u00ed vzpom\u00ednek va\u0161\u00ed babi\u010dky od d\u011btstv\u00ed po sou\u010dasnost. Babi\u010dka bude moci sama nebo s va\u0161\u00ed pomoc\u00ed vypl\u0148ovat kn\u00ed\u017eku a odpov\u00ed tak na celou \u0159adu pe\u010dliv\u011b vybran\u00fdch ot\u00e1zek. [&hellip;]<\/p>\n","protected":false},"featured_media":0,"comment_status":"closed","ping_status":"open","template":"","meta":{"_acf_changed":false,"_monsterinsights_skip_tracking":false,"_monsterinsights_sitenote_active":false,"_monsterinsights_sitenote_note":"","_monsterinsights_sitenote_category":0,"_EventAllDay":false,"_EventTimezone":"","_EventStartDate":"","_EventEndDate":"","_EventStartDateUTC":"","_EventEndDateUTC":"","_EventShowMap":false,"_EventShowMapLink":false,"_EventURL":"","_EventCost":"","_EventCostDescription":"","_EventCurrencySymbol":"","_EventCurrencyCode":"","_EventCurrencyPosition":"","_EventDateTimeSeparator":"","_EventTimeRangeSeparator":"","_EventOrganizerID":[],"_EventVenueID":[],"_OrganizerEmail":"","_OrganizerPhone":"","_OrganizerWebsite":"","_VenueAddress":"","_VenueCity":"","_VenueCountry":"","_VenueProvince":"","_VenueState":"","_VenueZip":"","_VenuePhone":"","_VenueURL":"","_VenueStateProvince":"","_VenueLat":"","_VenueLng":"","_VenueShowMap":false,"_VenueShowMapLink":false,"twitterCardType":"","cardImageID":0,"cardImage":"","cardTitle":"","cardDesc":"","cardImageAlt":"","cardPlayer":"","cardPlayerWidth":0,"cardPlayerHeight":0,"cardPlayerStream":"","cardPlayerCodec":""},"product_cat":[],"product_tag":[],"class_list":["post-102754","product","type-product","status-publish","hentry"],"acf":{"description":"Otev\u0159en\u00e1 kniha pro zaznamen\u00e1n\u00ed vzpom\u00ednek va\u0161\u00ed babi\u010dky od d\u011btstv\u00ed po sou\u010dasnost. Babi\u010dka bude moci sama nebo s va\u0161\u00ed pomoc\u00ed vypl\u0148ovat kn\u00ed\u017eku a odpov\u00ed tak na celou \u0159adu pe\u010dliv\u011b vybran\u00fdch ot\u00e1zek. Nam\u00e1tkou: \u010d\u00edm cht\u011bla b\u00fdt, kdy\u017e byla mal\u00e1, jac\u00ed byli jej\u00ed rodi\u010de a prarodi\u010de, kde si hr\u00e1la, kdy potkala d\u011bde\u010dka \u2013 sv\u00e9ho mu\u017ee, co spolu za\u017eili, jak vn\u00edmala babi\u010dka historick\u00e9 ud\u00e1losti, co se podle n\u00ed dnes zm\u011bnilo oproti dob\u011b jej\u00edho ml\u00e1d\u00ed\u2026\nKniha se stane pro va\u0161\u00ed babi\u010dku z\u00e1bavou a pro celou va\u0161i rodinu cenn\u00fdm pokladem. Doprovodn\u00e9 obr\u00e1zky a dobov\u00e9 fotografie pom\u00e1haj\u00ed probouzet vzpom\u00ednky. V kn\u00ed\u017ece je prostor na p\u0159id\u00e1n\u00ed vlastn\u00edch fotografi\u00ed. \n\u201eBabi\u010dko, vypr\u00e1v\u011bj\u201c je unik\u00e1tn\u00edm d\u00e1rkem pro v\u0161echny babi\u010dky.","item_id":"LX1710193","productname":"Babi\u010dko, vypr\u00e1v\u011bj - Kniha pro uchov\u00e1n\u00ed vzpom\u00ednek","product":"Babi\u010dko, vypr\u00e1v\u011bj - Kniha pro uchov\u00e1n\u00ed vzpom\u00ednek","url":"https:\/\/www.luxor.cz\/v\/1710193\/babicko-vypravej-kniha-pro-uchovani-vzpominek","imgurl":"https:\/\/img.luxor.cz\/orig\/produkty\/9788026048664.jpg","price_vat":"436.00","margin":"","vat":"","paramname1":"","paramval1":"","paramname2":"","paramval2":"","paramname3":"","paramval3":"","paramname4":"","paramval4":"","paramname5":"","paramval5":"","paramname6":"","paramval6":"","paramname7":"","paramval7":"","paramname8":"","paramval8":"","paramname9":"","paramval9":"","paramname10":"","paramval10":"","ean":"9788026048664","manufacturer":"Babi\u010dk\u00e1\u0159stv\u00ed","categorytext":""},"_links":{"self":[{"href":"https:\/\/www.luxor.cz\/blog\/wp-json\/wp\/v2\/product\/102754","targetHints":{"allow":["GET"]}}],"collection":[{"href":"https:\/\/www.luxor.cz\/blog\/wp-json\/wp\/v2\/product"}],"about":[{"href":"https:\/\/www.luxor.cz\/blog\/wp-json\/wp\/v2\/types\/product"}],"replies":[{"embeddable":true,"href":"https:\/\/www.luxor.cz\/blog\/wp-json\/wp\/v2\/comments?post=102754"}],"wp:attachment":[{"href":"https:\/\/www.luxor.cz\/blog\/wp-json\/wp\/v2\/media?parent=102754"}],"wp:term":[{"taxonomy":"product_cat","embeddable":true,"href":"https:\/\/www.luxor.cz\/blog\/wp-json\/wp\/v2\/product_cat?post=102754"},{"taxonomy":"product_tag","embeddable":true,"href":"https:\/\/www.luxor.cz\/blog\/wp-json\/wp\/v2\/product_tag?post=102754"}],"curies":[{"name":"wp","href":"https:\/\/api.w.org\/{rel}","templated":true}]}}