{"id":102034,"date":"2023-08-14T16:13:06","date_gmt":"2023-08-14T14:13:06","guid":{"rendered":"https:\/\/www.luxor.cz\/blog\/produkt\/tantricka-kamasutra-tao-dokonaleho-milence\/"},"modified":"2023-08-14T16:13:06","modified_gmt":"2023-08-14T14:13:06","slug":"tantricka-kamasutra-tao-dokonaleho-milence","status":"publish","type":"product","link":"https:\/\/www.luxor.cz\/blog\/produkt\/tantricka-kamasutra-tao-dokonaleho-milence\/","title":{"rendered":"Tantrick\u00e1 k\u00e1mas\u00fatra &#8211; Tao dokonal\u00e9ho milence"},"content":{"rendered":"<p>Kniha je vl\u00eddnou p\u0159\u00edru\u010dkou pro v\u0161echny, kte\u0159\u00ed tou\u017e\u00ed prohloubit a pos\u00edlit sv\u00e9 sexu\u00e1ln\u00ed vztahy a p\u0159itom objevit zcela netu\u0161en\u00fd zdroj s\u00edly, rozko\u0161e a intimity. Nebojte se prozkoumat magii a posv\u00e1tnou s\u00edlu sexuality prost\u0159ednictv\u00edm modern\u00edch a starod\u00e1vn\u00fdch vizualiza\u010dn\u00edch technik, tantrick\u00fdch a taoistick\u00fdch cvi\u010den\u00ed \u010di metod, kter\u00e9 v\u00e1m pomohou p\u0159ekonat podv\u011bdom\u00e9 z\u00e1brany.<\/p>\n","protected":false},"excerpt":{"rendered":"<p>Kniha je vl\u00eddnou p\u0159\u00edru\u010dkou pro v\u0161echny, kte\u0159\u00ed tou\u017e\u00ed prohloubit a pos\u00edlit sv\u00e9 sexu\u00e1ln\u00ed vztahy a p\u0159itom objevit zcela netu\u0161en\u00fd zdroj s\u00edly, rozko\u0161e a intimity. Nebojte se prozkoumat magii a posv\u00e1tnou [&hellip;]<\/p>\n","protected":false},"featured_media":0,"comment_status":"closed","ping_status":"open","template":"","meta":{"_acf_changed":false,"_monsterinsights_skip_tracking":false,"_monsterinsights_sitenote_active":false,"_monsterinsights_sitenote_note":"","_monsterinsights_sitenote_category":0,"_EventAllDay":false,"_EventTimezone":"","_EventStartDate":"","_EventEndDate":"","_EventStartDateUTC":"","_EventEndDateUTC":"","_EventShowMap":false,"_EventShowMapLink":false,"_EventURL":"","_EventCost":"","_EventCostDescription":"","_EventCurrencySymbol":"","_EventCurrencyCode":"","_EventCurrencyPosition":"","_EventDateTimeSeparator":"","_EventTimeRangeSeparator":"","_EventOrganizerID":[],"_EventVenueID":[],"_OrganizerEmail":"","_OrganizerPhone":"","_OrganizerWebsite":"","_VenueAddress":"","_VenueCity":"","_VenueCountry":"","_VenueProvince":"","_VenueState":"","_VenueZip":"","_VenuePhone":"","_VenueURL":"","_VenueStateProvince":"","_VenueLat":"","_VenueLng":"","_VenueShowMap":false,"_VenueShowMapLink":false,"twitterCardType":"","cardImageID":0,"cardImage":"","cardTitle":"","cardDesc":"","cardImageAlt":"","cardPlayer":"","cardPlayerWidth":0,"cardPlayerHeight":0,"cardPlayerStream":"","cardPlayerCodec":""},"product_cat":[],"product_tag":[],"class_list":["post-102034","product","type-product","status-publish","hentry"],"acf":{"description":"Kniha je vl\u00eddnou p\u0159\u00edru\u010dkou pro v\u0161echny, kte\u0159\u00ed tou\u017e\u00ed prohloubit a pos\u00edlit sv\u00e9 sexu\u00e1ln\u00ed vztahy a p\u0159itom objevit zcela netu\u0161en\u00fd zdroj s\u00edly, rozko\u0161e a intimity. Nebojte se prozkoumat magii a posv\u00e1tnou s\u00edlu sexuality prost\u0159ednictv\u00edm modern\u00edch a starod\u00e1vn\u00fdch vizualiza\u010dn\u00edch technik, tantrick\u00fdch a taoistick\u00fdch cvi\u010den\u00ed \u010di metod, kter\u00e9 v\u00e1m pomohou p\u0159ekonat podv\u011bdom\u00e9 z\u00e1brany.","item_id":"LX1662722","productname":"Tantrick\u00e1 k\u00e1mas\u00fatra - Tao dokonal\u00e9ho milence","product":"Tantrick\u00e1 k\u00e1mas\u00fatra - Tao dokonal\u00e9ho milence","url":"https:\/\/www.luxor.cz\/v\/1662722\/tantricka-kamasutra-tao-dokonaleho-milence","imgurl":"https:\/\/img.luxor.cz\/orig\/produkty\/9788073361501.jpg","price_vat":"311.00","margin":"","vat":"","paramname1":"","paramval1":"","paramname2":"","paramval2":"","paramname3":"","paramval3":"","paramname4":"","paramval4":"","paramname5":"","paramval5":"","paramname6":"","paramval6":"","paramname7":"","paramval7":"","paramname8":"","paramval8":"","paramname9":"","paramval9":"","paramname10":"","paramval10":"","ean":"9788073361501","manufacturer":"Fontana","categorytext":""},"_links":{"self":[{"href":"https:\/\/www.luxor.cz\/blog\/wp-json\/wp\/v2\/product\/102034","targetHints":{"allow":["GET"]}}],"collection":[{"href":"https:\/\/www.luxor.cz\/blog\/wp-json\/wp\/v2\/product"}],"about":[{"href":"https:\/\/www.luxor.cz\/blog\/wp-json\/wp\/v2\/types\/product"}],"replies":[{"embeddable":true,"href":"https:\/\/www.luxor.cz\/blog\/wp-json\/wp\/v2\/comments?post=102034"}],"wp:attachment":[{"href":"https:\/\/www.luxor.cz\/blog\/wp-json\/wp\/v2\/media?parent=102034"}],"wp:term":[{"taxonomy":"product_cat","embeddable":true,"href":"https:\/\/www.luxor.cz\/blog\/wp-json\/wp\/v2\/product_cat?post=102034"},{"taxonomy":"product_tag","embeddable":true,"href":"https:\/\/www.luxor.cz\/blog\/wp-json\/wp\/v2\/product_tag?post=102034"}],"curies":[{"name":"wp","href":"https:\/\/api.w.org\/{rel}","templated":true}]}}