{"id":101129,"date":"2023-08-14T14:28:17","date_gmt":"2023-08-14T12:28:17","guid":{"rendered":"https:\/\/www.luxor.cz\/blog\/produkt\/ferdinand-dvd\/"},"modified":"2023-08-14T14:28:18","modified_gmt":"2023-08-14T12:28:18","slug":"ferdinand-dvd","status":"publish","type":"product","link":"https:\/\/www.luxor.cz\/blog\/produkt\/ferdinand-dvd\/","title":{"rendered":"Ferdinand DVD"},"content":{"rendered":"<p>Tv\u016frci film\u016f Doba ledov\u00e1 a Rio uv\u00e1d\u00ed p\u016fvabnou rodinnou komedii roku! Ferdinand (John Cena) je ohromn\u00fd b\u00fdk s velk\u00fdm srdcem. Kdy\u017e ho omylem zam\u011bn\u00ed za nebezpe\u010dn\u00e9 monstrum a odvedou z domova, spoj\u00ed sv\u00e9 s\u00edly s n\u011bkolika podobn\u00fdmi ne\u0161\u0165astn\u00edky a vyd\u00e1 se s nimi na velkolepou dobrodru\u017enou v\u00fdpravu zp\u00e1tky za svou rodinou. Film Ferdinand, kter\u00fd vznikl podle klasick\u00e9 d\u011btsk\u00e9 knihy, nab\u00edz\u00ed spoustu z\u00e1bavy, sm\u00edchu a nav\u00edc d\u016fkaz, \u017ee prvn\u00ed dojem m\u016f\u017ee klamat!<\/p>\n<p>Hraj\u00ed: V origin\u00e1ln\u00edm zn\u011bn\u00ed: John Cena, David Tennant, Anthony Anderson, Gabriel Iglesias, Kate McKinnon, Boris Kodjoe, Miguel \u00c1ngel Silvestre, Ra\u00fal Esparza, Jerrod Carmichael, Gina Rodriguez, Daveed Diggs, Bobby Cannavale, Sally Phillips, Flula Borg, Karla Mart\u00ednez, Peyton Manning, Jet Jurgensmeyer, Carter Sand, Andre Robinson<br \/>\nRe\u017eie: Carlos Saldanha, Cathy Malkasian, Jeff McGrath<br \/>\nKamera: Renato Falcao<br \/>\nHudba: John Powell<br \/>\nSc\u00e9n\u00e1\u0159: Carlos Kotkin, Tim Federle<br \/>\nZvukov\u00e9 form\u00e1ty: \u010desky Dolby Digital 5.1 \/ anglicky Dolby Digital 5.1 \/ ma\u010farsky Dolby Digital 5.1 \/ polsky Dolby Digital 5.1 \/ slovensky Dolby Digital 5.1<br \/>\nTitulky: \u010desk\u00e9, anglick\u00e9, ma\u010farsk\u00e9, polsk\u00e9, slovensk\u00e9<br \/>\nObrazov\u00e9 form\u00e1ty: 16:9 \/ 2,40:1<\/p>\n<p>Bonusy:<br \/>\n\u2022 Ferdinand\u016fv pr\u016fvodce zdrav\u00fdm \u017eivotem s Johnem Cenou<br \/>\n\u2022 Koz\u00ed pr\u016fvodce \u017eivotem<br \/>\n\u2022 Ferdinand\u016fv t\u00fdm<br \/>\n\u2022 \u0160pan\u011blsko Ferdinandov\u00fdma o\u010dima<br \/>\n\u2022 Zpov\u011b\u010f kon\u011b<br \/>\n\u2022 Tvorba Ferdinandovy zem\u011b<br \/>\n\u2022 Anatomie sc\u00e9ny: B\u00fd\u010d\u00ed b\u011bh<br \/>\n\u2022 Videoklip \u201cHome\u201d a dal\u0161\u00ed&#8230;<\/p>\n","protected":false},"excerpt":{"rendered":"<p>Tv\u016frci film\u016f Doba ledov\u00e1 a Rio uv\u00e1d\u00ed p\u016fvabnou rodinnou komedii roku! Ferdinand (John Cena) je ohromn\u00fd b\u00fdk s velk\u00fdm srdcem. Kdy\u017e ho omylem zam\u011bn\u00ed za nebezpe\u010dn\u00e9 monstrum a odvedou z [&hellip;]<\/p>\n","protected":false},"featured_media":0,"comment_status":"closed","ping_status":"open","template":"","meta":{"_acf_changed":false,"_monsterinsights_skip_tracking":false,"_monsterinsights_sitenote_active":false,"_monsterinsights_sitenote_note":"","_monsterinsights_sitenote_category":0,"_EventAllDay":false,"_EventTimezone":"","_EventStartDate":"","_EventEndDate":"","_EventStartDateUTC":"","_EventEndDateUTC":"","_EventShowMap":false,"_EventShowMapLink":false,"_EventURL":"","_EventCost":"","_EventCostDescription":"","_EventCurrencySymbol":"","_EventCurrencyCode":"","_EventCurrencyPosition":"","_EventDateTimeSeparator":"","_EventTimeRangeSeparator":"","_EventOrganizerID":[],"_EventVenueID":[],"_OrganizerEmail":"","_OrganizerPhone":"","_OrganizerWebsite":"","_VenueAddress":"","_VenueCity":"","_VenueCountry":"","_VenueProvince":"","_VenueState":"","_VenueZip":"","_VenuePhone":"","_VenueURL":"","_VenueStateProvince":"","_VenueLat":"","_VenueLng":"","_VenueShowMap":false,"_VenueShowMapLink":false,"twitterCardType":"","cardImageID":0,"cardImage":"","cardTitle":"","cardDesc":"","cardImageAlt":"","cardPlayer":"","cardPlayerWidth":0,"cardPlayerHeight":0,"cardPlayerStream":"","cardPlayerCodec":""},"product_cat":[],"product_tag":[],"class_list":["post-101129","product","type-product","status-publish","hentry"],"acf":{"description":"Tv\u016frci film\u016f Doba ledov\u00e1 a Rio uv\u00e1d\u00ed p\u016fvabnou rodinnou komedii roku! Ferdinand (John Cena) je ohromn\u00fd b\u00fdk s velk\u00fdm srdcem. Kdy\u017e ho omylem zam\u011bn\u00ed za nebezpe\u010dn\u00e9 monstrum a odvedou z domova, spoj\u00ed sv\u00e9 s\u00edly s n\u011bkolika podobn\u00fdmi ne\u0161\u0165astn\u00edky a vyd\u00e1 se s nimi na velkolepou dobrodru\u017enou v\u00fdpravu zp\u00e1tky za svou rodinou. Film Ferdinand, kter\u00fd vznikl podle klasick\u00e9 d\u011btsk\u00e9 knihy, nab\u00edz\u00ed spoustu z\u00e1bavy, sm\u00edchu a nav\u00edc d\u016fkaz, \u017ee prvn\u00ed dojem m\u016f\u017ee klamat!\n\nHraj\u00ed: V origin\u00e1ln\u00edm zn\u011bn\u00ed: John Cena, David Tennant, Anthony Anderson, Gabriel Iglesias, Kate McKinnon, Boris Kodjoe, Miguel \u00c1ngel Silvestre, Ra\u00fal Esparza, Jerrod Carmichael, Gina Rodriguez, Daveed Diggs, Bobby Cannavale, Sally Phillips, Flula Borg, Karla Mart\u00ednez, Peyton Manning, Jet Jurgensmeyer, Carter Sand, Andre Robinson\nRe\u017eie: Carlos Saldanha, Cathy Malkasian, Jeff McGrath\nKamera: Renato Falcao\nHudba: John Powell\nSc\u00e9n\u00e1\u0159: Carlos Kotkin, Tim Federle\nZvukov\u00e9 form\u00e1ty: \u010desky Dolby Digital 5.1 \/ anglicky Dolby Digital 5.1 \/ ma\u010farsky Dolby Digital 5.1 \/ polsky Dolby Digital 5.1 \/ slovensky Dolby Digital 5.1\nTitulky: \u010desk\u00e9, anglick\u00e9, ma\u010farsk\u00e9, polsk\u00e9, slovensk\u00e9\nObrazov\u00e9 form\u00e1ty: 16:9 \/ 2,40:1\n\nBonusy:\n\u2022 Ferdinand\u016fv pr\u016fvodce zdrav\u00fdm \u017eivotem s Johnem Cenou\n\u2022 Koz\u00ed pr\u016fvodce \u017eivotem\n\u2022 Ferdinand\u016fv t\u00fdm\n\u2022 \u0160pan\u011blsko Ferdinandov\u00fdma o\u010dima\n\u2022 Zpov\u011b\u010f kon\u011b\n\u2022 Tvorba Ferdinandovy zem\u011b\n\u2022 Anatomie sc\u00e9ny: B\u00fd\u010d\u00ed b\u011bh\n\u2022 Videoklip \u201cHome\u201d a dal\u0161\u00ed...","item_id":"LX1706789","productname":"Ferdinand DVD","product":"Ferdinand DVD","url":"https:\/\/www.luxor.cz\/v\/1706789\/ferdinand-dvd","imgurl":"https:\/\/img.luxor.cz\/orig\/produkty\/8595165381337.jpg","price_vat":"91.00","margin":"","vat":"","paramname1":"","paramval1":"","paramname2":"","paramval2":"","paramname3":"","paramval3":"","paramname4":"","paramval4":"","paramname5":"","paramval5":"","paramname6":"","paramval6":"","paramname7":"","paramval7":"","paramname8":"","paramval8":"","paramname9":"","paramval9":"","paramname10":"","paramval10":"","ean":"8595165381337","manufacturer":"Magic Box","categorytext":""},"_links":{"self":[{"href":"https:\/\/www.luxor.cz\/blog\/wp-json\/wp\/v2\/product\/101129","targetHints":{"allow":["GET"]}}],"collection":[{"href":"https:\/\/www.luxor.cz\/blog\/wp-json\/wp\/v2\/product"}],"about":[{"href":"https:\/\/www.luxor.cz\/blog\/wp-json\/wp\/v2\/types\/product"}],"replies":[{"embeddable":true,"href":"https:\/\/www.luxor.cz\/blog\/wp-json\/wp\/v2\/comments?post=101129"}],"wp:attachment":[{"href":"https:\/\/www.luxor.cz\/blog\/wp-json\/wp\/v2\/media?parent=101129"}],"wp:term":[{"taxonomy":"product_cat","embeddable":true,"href":"https:\/\/www.luxor.cz\/blog\/wp-json\/wp\/v2\/product_cat?post=101129"},{"taxonomy":"product_tag","embeddable":true,"href":"https:\/\/www.luxor.cz\/blog\/wp-json\/wp\/v2\/product_tag?post=101129"}],"curies":[{"name":"wp","href":"https:\/\/api.w.org\/{rel}","templated":true}]}}