{"id":100782,"date":"2023-08-14T14:25:26","date_gmt":"2023-08-14T12:25:26","guid":{"rendered":"https:\/\/www.luxor.cz\/blog\/produkt\/pohadka-o-zlate-rybce\/"},"modified":"2023-08-14T14:25:26","modified_gmt":"2023-08-14T12:25:26","slug":"pohadka-o-zlate-rybce","status":"publish","type":"product","link":"https:\/\/www.luxor.cz\/blog\/produkt\/pohadka-o-zlate-rybce\/","title":{"rendered":"Poh\u00e1dka o zlat\u00e9 rybce"},"content":{"rendered":"<p>Ver\u0161ovan\u00e1 poh\u00e1dka o zlat\u00e9 rybce a nenasytn\u00e9 ryb\u00e1\u0159ce.<\/p>\n","protected":false},"excerpt":{"rendered":"<p>Ver\u0161ovan\u00e1 poh\u00e1dka o zlat\u00e9 rybce a nenasytn\u00e9 ryb\u00e1\u0159ce.<\/p>\n","protected":false},"featured_media":0,"comment_status":"closed","ping_status":"open","template":"","meta":{"_acf_changed":false,"_monsterinsights_skip_tracking":false,"_monsterinsights_sitenote_active":false,"_monsterinsights_sitenote_note":"","_monsterinsights_sitenote_category":0,"_EventAllDay":false,"_EventTimezone":"","_EventStartDate":"","_EventEndDate":"","_EventStartDateUTC":"","_EventEndDateUTC":"","_EventShowMap":false,"_EventShowMapLink":false,"_EventURL":"","_EventCost":"","_EventCostDescription":"","_EventCurrencySymbol":"","_EventCurrencyCode":"","_EventCurrencyPosition":"","_EventDateTimeSeparator":"","_EventTimeRangeSeparator":"","_EventOrganizerID":[],"_EventVenueID":[],"_OrganizerEmail":"","_OrganizerPhone":"","_OrganizerWebsite":"","_VenueAddress":"","_VenueCity":"","_VenueCountry":"","_VenueProvince":"","_VenueState":"","_VenueZip":"","_VenuePhone":"","_VenueURL":"","_VenueStateProvince":"","_VenueLat":"","_VenueLng":"","_VenueShowMap":false,"_VenueShowMapLink":false,"twitterCardType":"","cardImageID":0,"cardImage":"","cardTitle":"","cardDesc":"","cardImageAlt":"","cardPlayer":"","cardPlayerWidth":0,"cardPlayerHeight":0,"cardPlayerStream":"","cardPlayerCodec":""},"product_cat":[],"product_tag":[],"class_list":["post-100782","product","type-product","status-publish","hentry"],"acf":{"description":"Ver\u0161ovan\u00e1 poh\u00e1dka o zlat\u00e9 rybce a nenasytn\u00e9 ryb\u00e1\u0159ce.","item_id":"LX1660966","productname":"Poh\u00e1dka o zlat\u00e9 rybce","product":"Poh\u00e1dka o zlat\u00e9 rybce","url":"https:\/\/www.luxor.cz\/v\/1660966\/pohadka-o-zlate-rybce","imgurl":"https:\/\/img.luxor.cz\/orig\/produkty\/9788072284450.jpg","price_vat":"49.00","margin":"","vat":"","paramname1":"","paramval1":"","paramname2":"","paramval2":"","paramname3":"","paramval3":"","paramname4":"","paramval4":"","paramname5":"","paramval5":"","paramname6":"","paramval6":"","paramname7":"","paramval7":"","paramname8":"","paramval8":"","paramname9":"","paramval9":"","paramname10":"","paramval10":"","ean":"9788072284450","manufacturer":"Librex","categorytext":""},"_links":{"self":[{"href":"https:\/\/www.luxor.cz\/blog\/wp-json\/wp\/v2\/product\/100782","targetHints":{"allow":["GET"]}}],"collection":[{"href":"https:\/\/www.luxor.cz\/blog\/wp-json\/wp\/v2\/product"}],"about":[{"href":"https:\/\/www.luxor.cz\/blog\/wp-json\/wp\/v2\/types\/product"}],"replies":[{"embeddable":true,"href":"https:\/\/www.luxor.cz\/blog\/wp-json\/wp\/v2\/comments?post=100782"}],"wp:attachment":[{"href":"https:\/\/www.luxor.cz\/blog\/wp-json\/wp\/v2\/media?parent=100782"}],"wp:term":[{"taxonomy":"product_cat","embeddable":true,"href":"https:\/\/www.luxor.cz\/blog\/wp-json\/wp\/v2\/product_cat?post=100782"},{"taxonomy":"product_tag","embeddable":true,"href":"https:\/\/www.luxor.cz\/blog\/wp-json\/wp\/v2\/product_tag?post=100782"}],"curies":[{"name":"wp","href":"https:\/\/api.w.org\/{rel}","templated":true}]}}