{"id":100103,"date":"2023-08-14T14:19:49","date_gmt":"2023-08-14T12:19:49","guid":{"rendered":"https:\/\/www.luxor.cz\/blog\/produkt\/panoptikum-mesta-prazskeho-4-dvd-remasterovana-verze\/"},"modified":"2023-08-14T14:19:50","modified_gmt":"2023-08-14T12:19:50","slug":"panoptikum-mesta-prazskeho-4-dvd-remasterovana-verze","status":"publish","type":"product","link":"https:\/\/www.luxor.cz\/blog\/produkt\/panoptikum-mesta-prazskeho-4-dvd-remasterovana-verze\/","title":{"rendered":"Panoptikum m\u011bsta pra\u017esk\u00e9ho &#8211; 4 DVD (remasterovan\u00e1 verze)"},"content":{"rendered":"<p>Voln\u00e9 pokra\u010dov\u00e1n\u00ed legend\u00e1rn\u00edho seri\u00e1lu H\u0159\u00ed\u0161n\u00ed lid\u00e9 M\u011bsta pra\u017esk\u00e9ho v remasterovan\u00e9 verzi.<\/p>\n<p>Op\u011bt se tedy budeme setk\u00e1vat s p\u00e1ny detektivy ze &#8222;\u010dty\u0159ky&#8220;, tentokr\u00e1t pod veden\u00edm nov\u00e9ho policejn\u00edho rady Korejse. P\u00e1nov\u00e9 Bou\u0161e a Br\u016f\u017eek budou s pomoc\u00ed ji\u017e penzionovan\u00e9ho detektiva Mr\u00e1zka a sna\u017eiv\u00e9ho policejn\u00edho koncipisty dr. Sou\u010dka \u0159e\u0161it krimin\u00e1ln\u00ed p\u0159\u00edpady, kter\u00e9 p\u0159inesla doba hospod\u00e1\u0159sk\u00e9 krize na p\u0159elomu dvac\u00e1t\u00fdch a t\u0159ic\u00e1t\u00fdch let minul\u00e9ho stolet\u00ed. Jakkoli to byla t\u011b\u017ek\u00e1 doba, lid\u00e9 h\u0159e\u0161ili st\u00e1le. Nebo\u0165 h\u0159e\u0161it je tak sladk\u00e9&#8230;<br \/>\nHraj\u00ed: Ji\u0159\u00ed Adam\u00edra, Josef Vinkl\u00e1\u0159, Josef Bl\u00e1ha, Ond\u0159ej Havelka, Dalimil Klapka, Bed\u0159ich Proko\u0161, Franti\u0161ek Filipovsk\u00fd, Anton\u00edn Brtoun, Old\u0159ich Velen, Pavel Tr\u00e1vn\u00ed\u010dek, Pavel Zedn\u00ed\u010dek, Jana Hlav\u00e1\u010dov\u00e1, Eduard Cup\u00e1k, Ji\u0159\u00ed Krampol, Martin R\u016f\u017eek, Viktor Preiss, Rudolf Hru\u0161\u00ednsk\u00fd, Jaroslava Obermaierov\u00e1, Ji\u0159\u00ed Barto\u0161ka, Hana Maciuchov\u00e1 a dal\u0161\u00ed<\/p>\n<p>Re\u017eie: Anton\u00edn Moskalyk <\/p>\n<p>Hraj\u00ed: Ji\u0159\u00ed Adam\u00edra, Josef Vinkl\u00e1\u0159, Josef Bl\u00e1ha, Ond\u0159ej Havelka, Karel Kolou\u0161ek, Bed\u0159ich Proko\u0161, Dalimil Klapka, Franti\u0161ek Filipovsk\u00fd, Karel Augusta, Na\u010fa Konvalinkov\u00e1, Ladislav Mrkvi\u010dka, Ilja Racek, Ota Sklen\u010dka, Ji\u0159\u00ed Krampol, V\u00e1clav Vydra nejml., Jarmila \u0160vehlov\u00e1, Zden\u011bk Mart\u00ednek, Lubom\u00edr Kostelka, Ladislav Kazda, Zden\u011bk Ornest, Martin R\u016f\u017eek, Ji\u0159\u00ed Barto\u0161ka, Simona Sta\u0161ov\u00e1, Ji\u0159\u00ed Klem, Ji\u0159\u00ed Hol\u00fd<\/p>\n<p>Stop\u00e1\u017e: 608 minut<\/p>\n<p>DVD 1:<br \/>\n1. Funus<br \/>\n2. D\u011bv\u010de od vody<br \/>\n3. Atent\u00e1t na ministersk\u00e9ho p\u0159edsedu<\/p>\n<p>DVD 2:<br \/>\n4. Letn\u00ed p\u0159eh\u00e1\u0148ka<br \/>\n5. Potkat And\u011bla<br \/>\n6. V tom star\u00e9m dom\u011b<\/p>\n<p>DVD 3:<br \/>\n7. Hokyn\u00e1\u0159sk\u00e1 balada<br \/>\n8. Pan rada v Pa\u0159\u00ed\u017ei<\/p>\n<p>DVD 4:<br \/>\n9. P\u0159\u00edb\u011bh z dovolen\u00e9<br \/>\n10. Lakov\u00e1 krabi\u010dka na \u010daj<\/p>\n","protected":false},"excerpt":{"rendered":"<p>Voln\u00e9 pokra\u010dov\u00e1n\u00ed legend\u00e1rn\u00edho seri\u00e1lu H\u0159\u00ed\u0161n\u00ed lid\u00e9 M\u011bsta pra\u017esk\u00e9ho v remasterovan\u00e9 verzi. Op\u011bt se tedy budeme setk\u00e1vat s p\u00e1ny detektivy ze &#8222;\u010dty\u0159ky&#8220;, tentokr\u00e1t pod veden\u00edm nov\u00e9ho policejn\u00edho rady Korejse. P\u00e1nov\u00e9 Bou\u0161e [&hellip;]<\/p>\n","protected":false},"featured_media":0,"comment_status":"closed","ping_status":"open","template":"","meta":{"_acf_changed":false,"_monsterinsights_skip_tracking":false,"_monsterinsights_sitenote_active":false,"_monsterinsights_sitenote_note":"","_monsterinsights_sitenote_category":0,"_EventAllDay":false,"_EventTimezone":"","_EventStartDate":"","_EventEndDate":"","_EventStartDateUTC":"","_EventEndDateUTC":"","_EventShowMap":false,"_EventShowMapLink":false,"_EventURL":"","_EventCost":"","_EventCostDescription":"","_EventCurrencySymbol":"","_EventCurrencyCode":"","_EventCurrencyPosition":"","_EventDateTimeSeparator":"","_EventTimeRangeSeparator":"","_EventOrganizerID":[],"_EventVenueID":[],"_OrganizerEmail":"","_OrganizerPhone":"","_OrganizerWebsite":"","_VenueAddress":"","_VenueCity":"","_VenueCountry":"","_VenueProvince":"","_VenueState":"","_VenueZip":"","_VenuePhone":"","_VenueURL":"","_VenueStateProvince":"","_VenueLat":"","_VenueLng":"","_VenueShowMap":false,"_VenueShowMapLink":false,"twitterCardType":"","cardImageID":0,"cardImage":"","cardTitle":"","cardDesc":"","cardImageAlt":"","cardPlayer":"","cardPlayerWidth":0,"cardPlayerHeight":0,"cardPlayerStream":"","cardPlayerCodec":""},"product_cat":[],"product_tag":[],"class_list":["post-100103","product","type-product","status-publish","hentry"],"acf":{"description":"Voln\u00e9 pokra\u010dov\u00e1n\u00ed legend\u00e1rn\u00edho seri\u00e1lu H\u0159\u00ed\u0161n\u00ed lid\u00e9 M\u011bsta pra\u017esk\u00e9ho v remasterovan\u00e9 verzi.\n\nOp\u011bt se tedy budeme setk\u00e1vat s p\u00e1ny detektivy ze \"\u010dty\u0159ky\", tentokr\u00e1t pod veden\u00edm nov\u00e9ho policejn\u00edho rady Korejse. P\u00e1nov\u00e9 Bou\u0161e a Br\u016f\u017eek budou s pomoc\u00ed ji\u017e penzionovan\u00e9ho detektiva Mr\u00e1zka a sna\u017eiv\u00e9ho policejn\u00edho koncipisty dr. Sou\u010dka \u0159e\u0161it krimin\u00e1ln\u00ed p\u0159\u00edpady, kter\u00e9 p\u0159inesla doba hospod\u00e1\u0159sk\u00e9 krize na p\u0159elomu dvac\u00e1t\u00fdch a t\u0159ic\u00e1t\u00fdch let minul\u00e9ho stolet\u00ed. Jakkoli to byla t\u011b\u017ek\u00e1 doba, lid\u00e9 h\u0159e\u0161ili st\u00e1le. Nebo\u0165 h\u0159e\u0161it je tak sladk\u00e9...\nHraj\u00ed: Ji\u0159\u00ed Adam\u00edra, Josef Vinkl\u00e1\u0159, Josef Bl\u00e1ha, Ond\u0159ej Havelka, Dalimil Klapka, Bed\u0159ich Proko\u0161, Franti\u0161ek Filipovsk\u00fd, Anton\u00edn Brtoun, Old\u0159ich Velen, Pavel Tr\u00e1vn\u00ed\u010dek, Pavel Zedn\u00ed\u010dek, Jana Hlav\u00e1\u010dov\u00e1, Eduard Cup\u00e1k, Ji\u0159\u00ed Krampol, Martin R\u016f\u017eek, Viktor Preiss, Rudolf Hru\u0161\u00ednsk\u00fd, Jaroslava Obermaierov\u00e1, Ji\u0159\u00ed Barto\u0161ka, Hana Maciuchov\u00e1 a dal\u0161\u00ed\n\nRe\u017eie: Anton\u00edn Moskalyk \n\nHraj\u00ed: Ji\u0159\u00ed Adam\u00edra, Josef Vinkl\u00e1\u0159, Josef Bl\u00e1ha, Ond\u0159ej Havelka, Karel Kolou\u0161ek, Bed\u0159ich Proko\u0161, Dalimil Klapka, Franti\u0161ek Filipovsk\u00fd, Karel Augusta, Na\u010fa Konvalinkov\u00e1, Ladislav Mrkvi\u010dka, Ilja Racek, Ota Sklen\u010dka, Ji\u0159\u00ed Krampol, V\u00e1clav Vydra nejml., Jarmila \u0160vehlov\u00e1, Zden\u011bk Mart\u00ednek, Lubom\u00edr Kostelka, Ladislav Kazda, Zden\u011bk Ornest, Martin R\u016f\u017eek, Ji\u0159\u00ed Barto\u0161ka, Simona Sta\u0161ov\u00e1, Ji\u0159\u00ed Klem, Ji\u0159\u00ed Hol\u00fd\n\nStop\u00e1\u017e: 608 minut\n\nDVD 1:\n1. Funus \n2. D\u011bv\u010de od vody\n3. Atent\u00e1t na ministersk\u00e9ho p\u0159edsedu\n\nDVD 2:\n4. Letn\u00ed p\u0159eh\u00e1\u0148ka \n5. Potkat And\u011bla \n6. V tom star\u00e9m dom\u011b\n\nDVD 3:\n7. Hokyn\u00e1\u0159sk\u00e1 balada\n8. Pan rada v Pa\u0159\u00ed\u017ei\n\nDVD 4:\n9. P\u0159\u00edb\u011bh z dovolen\u00e9 \n10. Lakov\u00e1 krabi\u010dka na \u010daj","item_id":"LX1703742","productname":"Panoptikum m\u011bsta pra\u017esk\u00e9ho - 4 DVD (remasterovan\u00e1 verze)","product":"Panoptikum m\u011bsta pra\u017esk\u00e9ho - 4 DVD (remasterovan\u00e1 verze)","url":"https:\/\/www.luxor.cz\/v\/1703742\/panoptikum-mesta-prazskeho-4-dvdremasterovana-verze","imgurl":"https:\/\/img.luxor.cz\/orig\/produkty\/8594161153139.jpg","price_vat":"439.00","margin":"","vat":"","paramname1":"","paramval1":"","paramname2":"","paramval2":"","paramname3":"","paramval3":"","paramname4":"","paramval4":"","paramname5":"","paramval5":"","paramname6":"","paramval6":"","paramname7":"","paramval7":"","paramname8":"","paramval8":"","paramname9":"","paramval9":"","paramname10":"","paramval10":"","ean":"8594161153139","manufacturer":"Edice \u010cT","categorytext":""},"_links":{"self":[{"href":"https:\/\/www.luxor.cz\/blog\/wp-json\/wp\/v2\/product\/100103","targetHints":{"allow":["GET"]}}],"collection":[{"href":"https:\/\/www.luxor.cz\/blog\/wp-json\/wp\/v2\/product"}],"about":[{"href":"https:\/\/www.luxor.cz\/blog\/wp-json\/wp\/v2\/types\/product"}],"replies":[{"embeddable":true,"href":"https:\/\/www.luxor.cz\/blog\/wp-json\/wp\/v2\/comments?post=100103"}],"wp:attachment":[{"href":"https:\/\/www.luxor.cz\/blog\/wp-json\/wp\/v2\/media?parent=100103"}],"wp:term":[{"taxonomy":"product_cat","embeddable":true,"href":"https:\/\/www.luxor.cz\/blog\/wp-json\/wp\/v2\/product_cat?post=100103"},{"taxonomy":"product_tag","embeddable":true,"href":"https:\/\/www.luxor.cz\/blog\/wp-json\/wp\/v2\/product_tag?post=100103"}],"curies":[{"name":"wp","href":"https:\/\/api.w.org\/{rel}","templated":true}]}}